{"id":8,"date":"2024-06-11T19:51:50","date_gmt":"2024-06-11T17:51:50","guid":{"rendered":"https:\/\/premo-wroclaw.pl\/automotive\/?page_id=8"},"modified":"2025-04-03T18:43:26","modified_gmt":"2025-04-03T16:43:26","slug":"lakierowanie","status":"publish","type":"page","link":"https:\/\/premo-wroclaw.pl\/automotive\/lakierowanie\/","title":{"rendered":"Lakierowanie"},"content":{"rendered":"\n<h1 class=\"wp-block-heading has-text-align-center\">Lakierowanie<\/h1>\n\n\n\n<div style=\"height:10px\" aria-hidden=\"true\" class=\"wp-block-spacer\"><\/div>\n\n\n\n<hr class=\"wp-block-separator has-alpha-channel-opacity\"\/>\n\n\n\n<div style=\"height:30px\" aria-hidden=\"true\" class=\"wp-block-spacer\"><\/div>\n\n\n\n<p><strong>Premo Automotive<\/strong>&nbsp; posiada najnowocze\u015bniejsz\u0105 na Dolnym \u015al\u0105sku a i r\u00f3wnie\u017c w Polsce,&nbsp; lakierni\u0119 natryskow\u0105 do malowania element\u00f3w gumowych takich jak, naro\u017cniki uszczelek gumowych do szyberdach\u00f3w samochodowych klasy premium, uszczelek gumowych liniowych dla bran\u017cy Automotive. &nbsp;<\/p>\n\n\n\n<p>W swym procesie jeste\u015bmy skupieni na skrupulatno\u015bci jak i r\u00f3wnie\u017c na najwy\u017cszym poziomie wykonania naszych us\u0142ug pod wzgl\u0119dem jako\u015bciowym, zgodnie z zaleceniami i wymogami klienta ko\u0144cowego.&nbsp;<\/p>\n\n\n\n<p>W sk\u0142ad procesu lakierowania wchodzi kilka precyzyjnie opracowanych etap\u00f3w przygotowania produktu &#8211;&nbsp; czyszczenie, odt\u0142uszczanie, matowanie powierzchni, nak\u0142adanie Primera. Aby osi\u0105gn\u0105\u0107 wymagany efekt ko\u0144cowy po lakierowaniu natryskowym elementy zostaj\u0105 poddane obr\u00f3bce cieplnej w celu utwardzenia pow\u0142ok. Ostatni krok produkcji to szczeg\u00f3\u0142owa kontrola jako\u015bci oraz pakowanie zgodne ze standardami <strong>IATF 16949 i Global MMOG\/LE<\/strong> .<\/p>\n\n\n\n<div style=\"height:20px\" aria-hidden=\"true\" class=\"wp-block-spacer\"><\/div>\n\n\n<style>#jtg-258 .modula-item .jtg-social a, .lightbox-socials.jtg-social a{ color: #ffffff }#jtg-258 .modula-item .jtg-social svg, .lightbox-socials.jtg-social svg { height: 16px; width: 16px }#jtg-258 .modula-item .jtg-social a:not(:last-child), .lightbox-socials.jtg-social a:not(:last-child) { margin-right: 10px }#jtg-258 .modula-item .figc {color:#ffffff;}#jtg-258 .modula-item .modula-item-content { transform: scale(1) }#jtg-258 { width:100%;}#jtg-258 .modula-items{height:800px;}#jtg-258 .modula-items .figc p.description { font-size:14px; }#jtg-258 .modula-items .figc p.description { color:#ffffff;}#jtg-258.modula-gallery .modula-item > a, #jtg-258.modula-gallery .modula-item, #jtg-258.modula-gallery .modula-item-content > a { cursor:zoom-in; } @media screen and (max-width:480px){#jtg-258 .modula-item .figc .jtg-title {  font-size: 12px; }#jtg-258 .modula-items .figc p.description { color:#ffffff;font-size:10px; }}<\/style>\n<!-- Gallery Container -->\n<div  id=\"jtg-258\" class=\"modula modula-gallery modula-creative-gallery\" data-config=\"{&quot;height&quot;:800,&quot;enableTwitter&quot;:false,&quot;enableWhatsapp&quot;:false,&quot;enableFacebook&quot;:false,&quot;enablePinterest&quot;:false,&quot;enableLinkedin&quot;:false,&quot;enableEmail&quot;:false,&quot;randomFactor&quot;:0,&quot;type&quot;:&quot;creative-gallery&quot;,&quot;columns&quot;:12,&quot;gutter&quot;:10,&quot;mobileGutter&quot;:10,&quot;tabletGutter&quot;:10,&quot;desktopGutter&quot;:10,&quot;enableResponsive&quot;:&quot;0&quot;,&quot;tabletColumns&quot;:&quot;2&quot;,&quot;mobileColumns&quot;:&quot;1&quot;,&quot;lazyLoad&quot;:&quot;0&quot;,&quot;lightboxOpts&quot;:{&quot;loop&quot;:false,&quot;arrows&quot;:true,&quot;toolbar&quot;:true,&quot;keyboard&quot;:false,&quot;wheel&quot;:false,&quot;buttons&quot;:[&quot;close&quot;],&quot;hash&quot;:false,&quot;lang&quot;:&quot;en&quot;,&quot;touch&quot;:false,&quot;protect&quot;:false,&quot;i18n&quot;:{&quot;en&quot;:{&quot;CLOSE&quot;:&quot;Close&quot;,&quot;NEXT&quot;:&quot;Next&quot;,&quot;PREV&quot;:&quot;Previous&quot;,&quot;Error&quot;:&quot;The requested content cannot be loaded. Please try again later.&quot;,&quot;PLAY_START&quot;:&quot;Start slideshow&quot;,&quot;PLAY_STOP&quot;:&quot;Pause slideshow&quot;,&quot;FULL_SCREEN&quot;:&quot;Full screen&quot;,&quot;THUMBS&quot;:&quot;Thumbnails&quot;,&quot;DOWNLOAD&quot;:&quot;Download&quot;,&quot;SHARE&quot;:&quot;Share&quot;,&quot;ZOOM&quot;:&quot;Zoom&quot;}},&quot;clickSlide&quot;:false,&quot;clickOutside&quot;:false,&quot;dblclickContent&quot;:false,&quot;dblclickSlide&quot;:false,&quot;dblclickOutside&quot;:false,&quot;clickContent&quot;:false,&quot;baseTpl&quot;:&quot;&lt;div class=\\&quot;modula-fancybox-container modula-lightbox-jtg-258\\&quot; role=\\&quot;dialog\\&quot; tabindex=\\&quot;-1\\&quot;&gt;&lt;div class=\\&quot;modula-fancybox-bg\\&quot;&gt;&lt;\\\/div&gt;&lt;div class=\\&quot;modula-fancybox-inner\\&quot;&gt;&lt;div class=\\&quot;modula-fancybox-infobar\\&quot;&gt;&lt;span data-fancybox-index&gt;&lt;\\\/span&gt;&nbsp;\\\/&nbsp;&lt;span data-fancybox-count&gt;&lt;\\\/span&gt;&lt;\\\/div&gt;&lt;div class=\\&quot;modula-fancybox-toolbar\\&quot;&gt;{{buttons}}&lt;\\\/div&gt;&lt;div class=\\&quot;modula-fancybox-navigation\\&quot;&gt;{{arrows}}&lt;\\\/div&gt;&lt;div class=\\&quot;modula-fancybox-stage\\&quot;&gt;&lt;\\\/div&gt;&lt;div class=\\&quot;modula-fancybox-caption\\&quot;&gt;&lt;div class=\\&quot;modula-fancybox-caption__body\\&quot;&gt;&lt;\\\/div&gt;&lt;\\\/div&gt;&lt;\\\/div&gt;&lt;\\\/div&gt;&quot;},&quot;inView&quot;:false,&quot;email_subject&quot;:&quot;Check out this awesome image !!&quot;,&quot;email_message&quot;:&quot;Here is the link to the image : %%image_link%% and this is the link to the gallery : %%gallery_link%%&quot;,&quot;lightbox&quot;:&quot;fancybox&quot;}\">\n\n\t\n\t<!-- Items Container -->\n\t<div  class=\"modula-items\">\n\t\t<div class=\"modula-item effect-pufrobo\" >\n\t<div class=\"modula-item-overlay\"><\/div>\n\n\t<div class=\"modula-item-content\">\n\n\t\t\t\t\n\t\t\t\t\t<a data-image-id=\"261\" href=\"https:\/\/premo-wroclaw.pl\/automotive\/wp-content\/uploads\/sites\/3\/2025\/04\/IMG-20241218-WA0000-1.jpg\" rel=\"jtg-258\" data-caption=\"\" class=\"tile-inner modula-item-link\"><\/a>\n\t\t\n\t\t<img loading=\"lazy\" decoding=\"async\" class=\"pic\"  data-valign=\"middle\" data-halign=\"center\" alt=\"\" data-full=\"https:\/\/premo-wroclaw.pl\/automotive\/wp-content\/uploads\/sites\/3\/2025\/04\/IMG-20241218-WA0000-1.jpg\" title=\"IMG-20241218-WA0000\" width=\"1024\" height=\"768\" src=\"https:\/\/premo-wroclaw.pl\/automotive\/wp-content\/uploads\/sites\/3\/2025\/04\/IMG-20241218-WA0000-1-1024x768.jpg\" data-src=\"https:\/\/premo-wroclaw.pl\/automotive\/wp-content\/uploads\/sites\/3\/2025\/04\/IMG-20241218-WA0000-1-1024x768.jpg\" data-caption=\"\"srcset=\"https:\/\/premo-wroclaw.pl\/automotive\/wp-content\/uploads\/sites\/3\/2025\/04\/IMG-20241218-WA0000-1-1024x768.jpg 1024w, https:\/\/premo-wroclaw.pl\/automotive\/wp-content\/uploads\/sites\/3\/2025\/04\/IMG-20241218-WA0000-1-300x225.jpg 300w, https:\/\/premo-wroclaw.pl\/automotive\/wp-content\/uploads\/sites\/3\/2025\/04\/IMG-20241218-WA0000-1-768x576.jpg 768w, https:\/\/premo-wroclaw.pl\/automotive\/wp-content\/uploads\/sites\/3\/2025\/04\/IMG-20241218-WA0000-1-1536x1152.jpg 1536w, https:\/\/premo-wroclaw.pl\/automotive\/wp-content\/uploads\/sites\/3\/2025\/04\/IMG-20241218-WA0000-1.jpg 1600w\" sizes=\"auto, (max-width: 1024px) 100vw, 1024px\"\" \/>\n\t\t<div class=\"figc no-description\">\n\t\t\t<div class=\"figc-inner\">\n\t\t\t\t\t\t\t\t\t\t\t\t\t\t\t<\/div>\n\t\t<\/div>\n\n\t<\/div>\n\n<\/div><div class=\"modula-item effect-pufrobo\" >\n\t<div class=\"modula-item-overlay\"><\/div>\n\n\t<div class=\"modula-item-content\">\n\n\t\t\t\t\n\t\t\t\t\t<a data-image-id=\"262\" href=\"https:\/\/premo-wroclaw.pl\/automotive\/wp-content\/uploads\/sites\/3\/2025\/04\/IMG-20241218-WA0001-1.jpg\" rel=\"jtg-258\" data-caption=\"\" class=\"tile-inner modula-item-link\"><\/a>\n\t\t\n\t\t<img loading=\"lazy\" decoding=\"async\" class=\"pic\"  data-valign=\"middle\" data-halign=\"center\" alt=\"\" data-full=\"https:\/\/premo-wroclaw.pl\/automotive\/wp-content\/uploads\/sites\/3\/2025\/04\/IMG-20241218-WA0001-1.jpg\" title=\"IMG-20241218-WA0001\" width=\"1024\" height=\"768\" src=\"https:\/\/premo-wroclaw.pl\/automotive\/wp-content\/uploads\/sites\/3\/2025\/04\/IMG-20241218-WA0001-1-1024x768.jpg\" data-src=\"https:\/\/premo-wroclaw.pl\/automotive\/wp-content\/uploads\/sites\/3\/2025\/04\/IMG-20241218-WA0001-1-1024x768.jpg\" data-caption=\"\"srcset=\"https:\/\/premo-wroclaw.pl\/automotive\/wp-content\/uploads\/sites\/3\/2025\/04\/IMG-20241218-WA0001-1-1024x768.jpg 1024w, https:\/\/premo-wroclaw.pl\/automotive\/wp-content\/uploads\/sites\/3\/2025\/04\/IMG-20241218-WA0001-1-300x225.jpg 300w, https:\/\/premo-wroclaw.pl\/automotive\/wp-content\/uploads\/sites\/3\/2025\/04\/IMG-20241218-WA0001-1-768x576.jpg 768w, https:\/\/premo-wroclaw.pl\/automotive\/wp-content\/uploads\/sites\/3\/2025\/04\/IMG-20241218-WA0001-1-1536x1152.jpg 1536w, https:\/\/premo-wroclaw.pl\/automotive\/wp-content\/uploads\/sites\/3\/2025\/04\/IMG-20241218-WA0001-1.jpg 1600w\" sizes=\"auto, (max-width: 1024px) 100vw, 1024px\"\" \/>\n\t\t<div class=\"figc no-description\">\n\t\t\t<div class=\"figc-inner\">\n\t\t\t\t\t\t\t\t\t\t\t\t\t\t\t<\/div>\n\t\t<\/div>\n\n\t<\/div>\n\n<\/div><div class=\"modula-item effect-pufrobo\" >\n\t<div class=\"modula-item-overlay\"><\/div>\n\n\t<div class=\"modula-item-content\">\n\n\t\t\t\t\n\t\t\t\t\t<a data-image-id=\"263\" href=\"https:\/\/premo-wroclaw.pl\/automotive\/wp-content\/uploads\/sites\/3\/2025\/04\/IMG-20241218-WA0002-1.jpg\" rel=\"jtg-258\" data-caption=\"\" class=\"tile-inner modula-item-link\"><\/a>\n\t\t\n\t\t<img loading=\"lazy\" decoding=\"async\" class=\"pic\"  data-valign=\"middle\" data-halign=\"center\" alt=\"\" data-full=\"https:\/\/premo-wroclaw.pl\/automotive\/wp-content\/uploads\/sites\/3\/2025\/04\/IMG-20241218-WA0002-1.jpg\" title=\"IMG-20241218-WA0002\" width=\"1024\" height=\"768\" src=\"https:\/\/premo-wroclaw.pl\/automotive\/wp-content\/uploads\/sites\/3\/2025\/04\/IMG-20241218-WA0002-1-1024x768.jpg\" data-src=\"https:\/\/premo-wroclaw.pl\/automotive\/wp-content\/uploads\/sites\/3\/2025\/04\/IMG-20241218-WA0002-1-1024x768.jpg\" data-caption=\"\"srcset=\"https:\/\/premo-wroclaw.pl\/automotive\/wp-content\/uploads\/sites\/3\/2025\/04\/IMG-20241218-WA0002-1-1024x768.jpg 1024w, https:\/\/premo-wroclaw.pl\/automotive\/wp-content\/uploads\/sites\/3\/2025\/04\/IMG-20241218-WA0002-1-300x225.jpg 300w, https:\/\/premo-wroclaw.pl\/automotive\/wp-content\/uploads\/sites\/3\/2025\/04\/IMG-20241218-WA0002-1-768x576.jpg 768w, https:\/\/premo-wroclaw.pl\/automotive\/wp-content\/uploads\/sites\/3\/2025\/04\/IMG-20241218-WA0002-1-1536x1152.jpg 1536w, https:\/\/premo-wroclaw.pl\/automotive\/wp-content\/uploads\/sites\/3\/2025\/04\/IMG-20241218-WA0002-1.jpg 1600w\" sizes=\"auto, (max-width: 1024px) 100vw, 1024px\"\" \/>\n\t\t<div class=\"figc no-description\">\n\t\t\t<div class=\"figc-inner\">\n\t\t\t\t\t\t\t\t\t\t\t\t\t\t\t<\/div>\n\t\t<\/div>\n\n\t<\/div>\n\n<\/div><div class=\"modula-item effect-pufrobo\" >\n\t<div class=\"modula-item-overlay\"><\/div>\n\n\t<div class=\"modula-item-content\">\n\n\t\t\t\t\n\t\t\t\t\t<a data-image-id=\"264\" href=\"https:\/\/premo-wroclaw.pl\/automotive\/wp-content\/uploads\/sites\/3\/2025\/04\/IMG-20241218-WA0003-1.jpg\" rel=\"jtg-258\" data-caption=\"\" class=\"tile-inner modula-item-link\"><\/a>\n\t\t\n\t\t<img loading=\"lazy\" decoding=\"async\" class=\"pic\"  data-valign=\"middle\" data-halign=\"center\" alt=\"\" data-full=\"https:\/\/premo-wroclaw.pl\/automotive\/wp-content\/uploads\/sites\/3\/2025\/04\/IMG-20241218-WA0003-1.jpg\" title=\"IMG-20241218-WA0003\" width=\"1024\" height=\"768\" src=\"https:\/\/premo-wroclaw.pl\/automotive\/wp-content\/uploads\/sites\/3\/2025\/04\/IMG-20241218-WA0003-1-1024x768.jpg\" data-src=\"https:\/\/premo-wroclaw.pl\/automotive\/wp-content\/uploads\/sites\/3\/2025\/04\/IMG-20241218-WA0003-1-1024x768.jpg\" data-caption=\"\"srcset=\"https:\/\/premo-wroclaw.pl\/automotive\/wp-content\/uploads\/sites\/3\/2025\/04\/IMG-20241218-WA0003-1-1024x768.jpg 1024w, https:\/\/premo-wroclaw.pl\/automotive\/wp-content\/uploads\/sites\/3\/2025\/04\/IMG-20241218-WA0003-1-300x225.jpg 300w, https:\/\/premo-wroclaw.pl\/automotive\/wp-content\/uploads\/sites\/3\/2025\/04\/IMG-20241218-WA0003-1-768x576.jpg 768w, https:\/\/premo-wroclaw.pl\/automotive\/wp-content\/uploads\/sites\/3\/2025\/04\/IMG-20241218-WA0003-1-1536x1152.jpg 1536w, https:\/\/premo-wroclaw.pl\/automotive\/wp-content\/uploads\/sites\/3\/2025\/04\/IMG-20241218-WA0003-1.jpg 1600w\" sizes=\"auto, (max-width: 1024px) 100vw, 1024px\"\" \/>\n\t\t<div class=\"figc no-description\">\n\t\t\t<div class=\"figc-inner\">\n\t\t\t\t\t\t\t\t\t\t\t\t\t\t\t<\/div>\n\t\t<\/div>\n\n\t<\/div>\n\n<\/div><div class=\"modula-item effect-pufrobo\" >\n\t<div class=\"modula-item-overlay\"><\/div>\n\n\t<div class=\"modula-item-content\">\n\n\t\t\t\t\n\t\t\t\t\t<a data-image-id=\"265\" href=\"https:\/\/premo-wroclaw.pl\/automotive\/wp-content\/uploads\/sites\/3\/2025\/04\/IMG-20241218-WA0004-1.jpg\" rel=\"jtg-258\" data-caption=\"\" class=\"tile-inner modula-item-link\"><\/a>\n\t\t\n\t\t<img loading=\"lazy\" decoding=\"async\" class=\"pic\"  data-valign=\"middle\" data-halign=\"center\" alt=\"\" data-full=\"https:\/\/premo-wroclaw.pl\/automotive\/wp-content\/uploads\/sites\/3\/2025\/04\/IMG-20241218-WA0004-1.jpg\" title=\"IMG-20241218-WA0004\" width=\"1024\" height=\"768\" src=\"https:\/\/premo-wroclaw.pl\/automotive\/wp-content\/uploads\/sites\/3\/2025\/04\/IMG-20241218-WA0004-1-1024x768.jpg\" data-src=\"https:\/\/premo-wroclaw.pl\/automotive\/wp-content\/uploads\/sites\/3\/2025\/04\/IMG-20241218-WA0004-1-1024x768.jpg\" data-caption=\"\"srcset=\"https:\/\/premo-wroclaw.pl\/automotive\/wp-content\/uploads\/sites\/3\/2025\/04\/IMG-20241218-WA0004-1-1024x768.jpg 1024w, https:\/\/premo-wroclaw.pl\/automotive\/wp-content\/uploads\/sites\/3\/2025\/04\/IMG-20241218-WA0004-1-300x225.jpg 300w, https:\/\/premo-wroclaw.pl\/automotive\/wp-content\/uploads\/sites\/3\/2025\/04\/IMG-20241218-WA0004-1-768x576.jpg 768w, https:\/\/premo-wroclaw.pl\/automotive\/wp-content\/uploads\/sites\/3\/2025\/04\/IMG-20241218-WA0004-1-1536x1152.jpg 1536w, https:\/\/premo-wroclaw.pl\/automotive\/wp-content\/uploads\/sites\/3\/2025\/04\/IMG-20241218-WA0004-1.jpg 1600w\" sizes=\"auto, (max-width: 1024px) 100vw, 1024px\"\" \/>\n\t\t<div class=\"figc no-description\">\n\t\t\t<div class=\"figc-inner\">\n\t\t\t\t\t\t\t\t\t\t\t\t\t\t\t<\/div>\n\t\t<\/div>\n\n\t<\/div>\n\n<\/div><div class=\"modula-item effect-pufrobo\" >\n\t<div class=\"modula-item-overlay\"><\/div>\n\n\t<div class=\"modula-item-content\">\n\n\t\t\t\t\n\t\t\t\t\t<a data-image-id=\"266\" href=\"https:\/\/premo-wroclaw.pl\/automotive\/wp-content\/uploads\/sites\/3\/2025\/04\/IMG-20241218-WA0005-1.jpg\" rel=\"jtg-258\" data-caption=\"\" class=\"tile-inner modula-item-link\"><\/a>\n\t\t\n\t\t<img loading=\"lazy\" decoding=\"async\" class=\"pic\"  data-valign=\"middle\" data-halign=\"center\" alt=\"\" data-full=\"https:\/\/premo-wroclaw.pl\/automotive\/wp-content\/uploads\/sites\/3\/2025\/04\/IMG-20241218-WA0005-1.jpg\" title=\"IMG-20241218-WA0005\" width=\"1024\" height=\"768\" src=\"https:\/\/premo-wroclaw.pl\/automotive\/wp-content\/uploads\/sites\/3\/2025\/04\/IMG-20241218-WA0005-1-1024x768.jpg\" data-src=\"https:\/\/premo-wroclaw.pl\/automotive\/wp-content\/uploads\/sites\/3\/2025\/04\/IMG-20241218-WA0005-1-1024x768.jpg\" data-caption=\"\"srcset=\"https:\/\/premo-wroclaw.pl\/automotive\/wp-content\/uploads\/sites\/3\/2025\/04\/IMG-20241218-WA0005-1-1024x768.jpg 1024w, https:\/\/premo-wroclaw.pl\/automotive\/wp-content\/uploads\/sites\/3\/2025\/04\/IMG-20241218-WA0005-1-300x225.jpg 300w, https:\/\/premo-wroclaw.pl\/automotive\/wp-content\/uploads\/sites\/3\/2025\/04\/IMG-20241218-WA0005-1-768x576.jpg 768w, https:\/\/premo-wroclaw.pl\/automotive\/wp-content\/uploads\/sites\/3\/2025\/04\/IMG-20241218-WA0005-1-1536x1152.jpg 1536w, https:\/\/premo-wroclaw.pl\/automotive\/wp-content\/uploads\/sites\/3\/2025\/04\/IMG-20241218-WA0005-1.jpg 1600w\" sizes=\"auto, (max-width: 1024px) 100vw, 1024px\"\" \/>\n\t\t<div class=\"figc no-description\">\n\t\t\t<div class=\"figc-inner\">\n\t\t\t\t\t\t\t\t\t\t\t\t\t\t\t<\/div>\n\t\t<\/div>\n\n\t<\/div>\n\n<\/div><div class=\"modula-item effect-pufrobo\" >\n\t<div class=\"modula-item-overlay\"><\/div>\n\n\t<div class=\"modula-item-content\">\n\n\t\t\t\t\n\t\t\t\t\t<a data-image-id=\"267\" href=\"https:\/\/premo-wroclaw.pl\/automotive\/wp-content\/uploads\/sites\/3\/2025\/04\/IMG-20241218-WA0006-1.jpg\" rel=\"jtg-258\" data-caption=\"\" class=\"tile-inner modula-item-link\"><\/a>\n\t\t\n\t\t<img loading=\"lazy\" decoding=\"async\" class=\"pic\"  data-valign=\"middle\" data-halign=\"center\" alt=\"\" data-full=\"https:\/\/premo-wroclaw.pl\/automotive\/wp-content\/uploads\/sites\/3\/2025\/04\/IMG-20241218-WA0006-1.jpg\" title=\"IMG-20241218-WA0006\" width=\"1024\" height=\"768\" src=\"https:\/\/premo-wroclaw.pl\/automotive\/wp-content\/uploads\/sites\/3\/2025\/04\/IMG-20241218-WA0006-1-1024x768.jpg\" data-src=\"https:\/\/premo-wroclaw.pl\/automotive\/wp-content\/uploads\/sites\/3\/2025\/04\/IMG-20241218-WA0006-1-1024x768.jpg\" data-caption=\"\"srcset=\"https:\/\/premo-wroclaw.pl\/automotive\/wp-content\/uploads\/sites\/3\/2025\/04\/IMG-20241218-WA0006-1-1024x768.jpg 1024w, https:\/\/premo-wroclaw.pl\/automotive\/wp-content\/uploads\/sites\/3\/2025\/04\/IMG-20241218-WA0006-1-300x225.jpg 300w, https:\/\/premo-wroclaw.pl\/automotive\/wp-content\/uploads\/sites\/3\/2025\/04\/IMG-20241218-WA0006-1-768x576.jpg 768w, https:\/\/premo-wroclaw.pl\/automotive\/wp-content\/uploads\/sites\/3\/2025\/04\/IMG-20241218-WA0006-1-1536x1152.jpg 1536w, https:\/\/premo-wroclaw.pl\/automotive\/wp-content\/uploads\/sites\/3\/2025\/04\/IMG-20241218-WA0006-1.jpg 1600w\" sizes=\"auto, (max-width: 1024px) 100vw, 1024px\"\" \/>\n\t\t<div class=\"figc no-description\">\n\t\t\t<div class=\"figc-inner\">\n\t\t\t\t\t\t\t\t\t\t\t\t\t\t\t<\/div>\n\t\t<\/div>\n\n\t<\/div>\n\n<\/div><div class=\"modula-item effect-pufrobo\" >\n\t<div class=\"modula-item-overlay\"><\/div>\n\n\t<div class=\"modula-item-content\">\n\n\t\t\t\t\n\t\t\t\t\t<a data-image-id=\"268\" href=\"https:\/\/premo-wroclaw.pl\/automotive\/wp-content\/uploads\/sites\/3\/2025\/04\/IMG-20241218-WA0007-1.jpg\" rel=\"jtg-258\" data-caption=\"\" class=\"tile-inner modula-item-link\"><\/a>\n\t\t\n\t\t<img loading=\"lazy\" decoding=\"async\" class=\"pic\"  data-valign=\"middle\" data-halign=\"center\" alt=\"\" data-full=\"https:\/\/premo-wroclaw.pl\/automotive\/wp-content\/uploads\/sites\/3\/2025\/04\/IMG-20241218-WA0007-1.jpg\" title=\"IMG-20241218-WA0007\" width=\"1024\" height=\"768\" src=\"https:\/\/premo-wroclaw.pl\/automotive\/wp-content\/uploads\/sites\/3\/2025\/04\/IMG-20241218-WA0007-1-1024x768.jpg\" data-src=\"https:\/\/premo-wroclaw.pl\/automotive\/wp-content\/uploads\/sites\/3\/2025\/04\/IMG-20241218-WA0007-1-1024x768.jpg\" data-caption=\"\"srcset=\"https:\/\/premo-wroclaw.pl\/automotive\/wp-content\/uploads\/sites\/3\/2025\/04\/IMG-20241218-WA0007-1-1024x768.jpg 1024w, https:\/\/premo-wroclaw.pl\/automotive\/wp-content\/uploads\/sites\/3\/2025\/04\/IMG-20241218-WA0007-1-300x225.jpg 300w, https:\/\/premo-wroclaw.pl\/automotive\/wp-content\/uploads\/sites\/3\/2025\/04\/IMG-20241218-WA0007-1-768x576.jpg 768w, https:\/\/premo-wroclaw.pl\/automotive\/wp-content\/uploads\/sites\/3\/2025\/04\/IMG-20241218-WA0007-1-1536x1152.jpg 1536w, https:\/\/premo-wroclaw.pl\/automotive\/wp-content\/uploads\/sites\/3\/2025\/04\/IMG-20241218-WA0007-1.jpg 1600w\" sizes=\"auto, (max-width: 1024px) 100vw, 1024px\"\" \/>\n\t\t<div class=\"figc no-description\">\n\t\t\t<div class=\"figc-inner\">\n\t\t\t\t\t\t\t\t\t\t\t\t\t\t\t<\/div>\n\t\t<\/div>\n\n\t<\/div>\n\n<\/div><div class=\"modula-item effect-pufrobo\" >\n\t<div class=\"modula-item-overlay\"><\/div>\n\n\t<div class=\"modula-item-content\">\n\n\t\t\t\t\n\t\t\t\t\t<a data-image-id=\"260\" href=\"https:\/\/premo-wroclaw.pl\/automotive\/wp-content\/uploads\/sites\/3\/2025\/04\/20241218_070956-2-scaled.jpg\" rel=\"jtg-258\" data-caption=\"\" class=\"tile-inner modula-item-link\"><\/a>\n\t\t\n\t\t<img loading=\"lazy\" decoding=\"async\" class=\"pic\"  data-valign=\"middle\" data-halign=\"center\" alt=\"\" data-full=\"https:\/\/premo-wroclaw.pl\/automotive\/wp-content\/uploads\/sites\/3\/2025\/04\/20241218_070956-2.jpg\" title=\"20241218_070956\" width=\"472\" height=\"1024\" src=\"https:\/\/premo-wroclaw.pl\/automotive\/wp-content\/uploads\/sites\/3\/2025\/04\/20241218_070956-2-472x1024.jpg\" data-src=\"https:\/\/premo-wroclaw.pl\/automotive\/wp-content\/uploads\/sites\/3\/2025\/04\/20241218_070956-2-472x1024.jpg\" data-caption=\"\"srcset=\"https:\/\/premo-wroclaw.pl\/automotive\/wp-content\/uploads\/sites\/3\/2025\/04\/20241218_070956-2-scaled-472x1024.jpg 472w, https:\/\/premo-wroclaw.pl\/automotive\/wp-content\/uploads\/sites\/3\/2025\/04\/20241218_070956-2-138x300.jpg 138w, https:\/\/premo-wroclaw.pl\/automotive\/wp-content\/uploads\/sites\/3\/2025\/04\/20241218_070956-2-768x1666.jpg 768w, https:\/\/premo-wroclaw.pl\/automotive\/wp-content\/uploads\/sites\/3\/2025\/04\/20241218_070956-2-708x1536.jpg 708w, https:\/\/premo-wroclaw.pl\/automotive\/wp-content\/uploads\/sites\/3\/2025\/04\/20241218_070956-2-944x2048.jpg 944w, https:\/\/premo-wroclaw.pl\/automotive\/wp-content\/uploads\/sites\/3\/2025\/04\/20241218_070956-2-scaled.jpg 1180w\" sizes=\"auto, (max-width: 472px) 100vw, 472px\"\" \/>\n\t\t<div class=\"figc no-description\">\n\t\t\t<div class=\"figc-inner\">\n\t\t\t\t\t\t\t\t\t\t\t\t\t\t\t<\/div>\n\t\t<\/div>\n\n\t<\/div>\n\n<\/div><div class=\"modula-item effect-pufrobo\" >\n\t<div class=\"modula-item-overlay\"><\/div>\n\n\t<div class=\"modula-item-content\">\n\n\t\t\t\t\n\t\t\t\t\t<a data-image-id=\"271\" href=\"https:\/\/premo-wroclaw.pl\/automotive\/wp-content\/uploads\/sites\/3\/2025\/04\/2024-scaled.jpg\" rel=\"jtg-258\" data-caption=\"\" class=\"tile-inner modula-item-link\"><\/a>\n\t\t\n\t\t<img loading=\"lazy\" decoding=\"async\" class=\"pic\"  data-valign=\"middle\" data-halign=\"center\" alt=\"\" data-full=\"https:\/\/premo-wroclaw.pl\/automotive\/wp-content\/uploads\/sites\/3\/2025\/04\/2024.jpg\" title=\"2024\" width=\"472\" height=\"1024\" src=\"https:\/\/premo-wroclaw.pl\/automotive\/wp-content\/uploads\/sites\/3\/2025\/04\/2024-472x1024.jpg\" data-src=\"https:\/\/premo-wroclaw.pl\/automotive\/wp-content\/uploads\/sites\/3\/2025\/04\/2024-472x1024.jpg\" data-caption=\"\"srcset=\"https:\/\/premo-wroclaw.pl\/automotive\/wp-content\/uploads\/sites\/3\/2025\/04\/2024-scaled-472x1024.jpg 472w, https:\/\/premo-wroclaw.pl\/automotive\/wp-content\/uploads\/sites\/3\/2025\/04\/2024-138x300.jpg 138w, https:\/\/premo-wroclaw.pl\/automotive\/wp-content\/uploads\/sites\/3\/2025\/04\/2024-768x1666.jpg 768w, https:\/\/premo-wroclaw.pl\/automotive\/wp-content\/uploads\/sites\/3\/2025\/04\/2024-708x1536.jpg 708w, https:\/\/premo-wroclaw.pl\/automotive\/wp-content\/uploads\/sites\/3\/2025\/04\/2024-944x2048.jpg 944w, https:\/\/premo-wroclaw.pl\/automotive\/wp-content\/uploads\/sites\/3\/2025\/04\/2024-scaled.jpg 1180w\" sizes=\"auto, (max-width: 472px) 100vw, 472px\"\" \/>\n\t\t<div class=\"figc no-description\">\n\t\t\t<div class=\"figc-inner\">\n\t\t\t\t\t\t\t\t\t\t\t\t\t\t\t<\/div>\n\t\t<\/div>\n\n\t<\/div>\n\n<\/div>\t\t\n\t<\/div>\n\n\t\n\t\n\t<script type=\"application\/ld+json\">\n\t{\n\t\t\"@context\": \"http:\/\/schema.org\",\n\t\t\"@type\"   : \"ImageGallery\",\n\t\t\"id\"      : \"https:\/\/premo-wroclaw.pl\/automotive\/wp-json\/wp\/v2\/pages\/8\",\n\t\t\"url\"     : \"https:\/\/premo-wroclaw.pl\/automotive\/wp-json\/wp\/v2\/pages\/8\"\n\t}\n\n    <\/script>\n\n\t\n<\/div>","protected":false},"excerpt":{"rendered":"<p>Lakierowanie Premo Automotive&nbsp; posiada najnowocze\u015bniejsz\u0105 na Dolnym \u015al\u0105sku a i r\u00f3wnie\u017c w Polsce,&nbsp; lakierni\u0119 natryskow\u0105 do malowania element\u00f3w gumowych takich jak, naro\u017cniki uszczelek gumowych do szyberdach\u00f3w samochodowych klasy premium, uszczelek gumowych liniowych dla bran\u017cy Automotive. &nbsp; W swym procesie jeste\u015bmy skupieni na skrupulatno\u015bci jak i r\u00f3wnie\u017c na najwy\u017cszym poziomie wykonania naszych us\u0142ug pod wzgl\u0119dem jako\u015bciowym, [&hellip;]<\/p>\n","protected":false},"author":1,"featured_media":0,"parent":0,"menu_order":2,"comment_status":"closed","ping_status":"closed","template":"page-templates\/automotive.php","meta":{"footnotes":""},"class_list":["post-8","page","type-page","status-publish","hentry"],"_links":{"self":[{"href":"https:\/\/premo-wroclaw.pl\/automotive\/wp-json\/wp\/v2\/pages\/8","targetHints":{"allow":["GET"]}}],"collection":[{"href":"https:\/\/premo-wroclaw.pl\/automotive\/wp-json\/wp\/v2\/pages"}],"about":[{"href":"https:\/\/premo-wroclaw.pl\/automotive\/wp-json\/wp\/v2\/types\/page"}],"author":[{"embeddable":true,"href":"https:\/\/premo-wroclaw.pl\/automotive\/wp-json\/wp\/v2\/users\/1"}],"replies":[{"embeddable":true,"href":"https:\/\/premo-wroclaw.pl\/automotive\/wp-json\/wp\/v2\/comments?post=8"}],"version-history":[{"count":21,"href":"https:\/\/premo-wroclaw.pl\/automotive\/wp-json\/wp\/v2\/pages\/8\/revisions"}],"predecessor-version":[{"id":299,"href":"https:\/\/premo-wroclaw.pl\/automotive\/wp-json\/wp\/v2\/pages\/8\/revisions\/299"}],"wp:attachment":[{"href":"https:\/\/premo-wroclaw.pl\/automotive\/wp-json\/wp\/v2\/media?parent=8"}],"curies":[{"name":"wp","href":"https:\/\/api.w.org\/{rel}","templated":true}]}}