{"id":208,"date":"2025-04-03T17:03:31","date_gmt":"2025-04-03T15:03:31","guid":{"rendered":"https:\/\/premo-wroclaw.pl\/automotive\/?page_id=208"},"modified":"2025-04-07T20:42:58","modified_gmt":"2025-04-07T18:42:58","slug":"sztancowanie","status":"publish","type":"page","link":"https:\/\/premo-wroclaw.pl\/automotive\/sztancowanie\/","title":{"rendered":"Sztancowanie"},"content":{"rendered":"\n<h2 class=\"wp-block-heading has-text-align-center\">Sztancowanie<\/h2>\n\n\n\n<div style=\"height:10px\" aria-hidden=\"true\" class=\"wp-block-spacer\"><\/div>\n\n\n\n<hr class=\"wp-block-separator has-alpha-channel-opacity\" \/>\n\n\n\n<div style=\"height:30px\" aria-hidden=\"true\" class=\"wp-block-spacer\"><\/div>\n\n\n\n<p><strong>Premo Automotive&nbsp;<\/strong> prowadzi proces produkcyjny, obr\u00f3bki i konfekcjonowanie element\u00f3w gumowych dla kluczowych odbiorc\u00f3w z obszaru Automotive oraz AGD, poprzez konfekcjonowanie tych produkt\u00f3w.<\/p>\n\n\n\n<p>Proces ten jest bardzo skomplikowany i wymaga precyzji, odpowiedniego sprz\u0119tu i spe\u0142nienia rygorystycznych norm jako\u015bciowych zgodnie ze standardami <strong>IATF 16949 i&nbsp;Global MMOG\/LE<\/strong> w obszarze sektora Automotive.<\/p>\n\n\n\n<p>Park maszynowy jakim dysponuje nasz zak\u0142ad charakteryzuj\u0119 si\u0119 wysokim stopniem skomplikowania urz\u0105dze\u0144, czego nast\u0119pstwem jest i by\u0142o wykszta\u0142cenie i posiadanie wykwalifikowanej kadry pracownik\u00f3w,&nbsp;kt\u00f3rzy charakteryzuj\u0105 si\u0119 odpowiedni\u0105 kultur\u0105 pracy i odpowiedzialno\u015bci\u0105 za powierzone im zadania.<\/p>\n\n\n\n<p>Posiadamy w\u0142asny serwis urz\u0105dze\u0144 produkcyjnych,&nbsp;co pozwala nam na szybkie reagowanie w przypadku awarii jak i modyfikacji czy przygotowywania nowych matryc do procesu konfekcjonowania zgodnych z wymogami klienta przez niego narzucanymi. &nbsp;<\/p>\n\n\n\n<p>Na podstawie wymaga\u0144 klienta tworzymy&nbsp;dok\u0142adn\u0105 dokumentacj\u0119 techniczn\u0105, uwzgl\u0119dniaj\u0105c wymiary, kszta\u0142t, tolerancje oraz w\u0142a\u015bciwo\u015bci materia\u0142u a nast\u0119pnie wykonuje si\u0119 precyzyjne narz\u0119dzia tn\u0105ce (sztance) dopasowane do kszta\u0142tu element\u00f3w.<\/p>\n\n\n\n<p>W swych dzia\u0142aniach k\u0142adziemy szczeg\u00f3lny nacisk na&nbsp; kontrol\u0119 jako\u015bci poprzez:<\/p>\n\n\n\n<ul class=\"wp-block-list\">\n<li><strong>Weryfikacja wymiar\u00f3w<\/strong>: Sprawdza si\u0119 wymiary i tolerancje przy u\u017cyciu urz\u0105dze\u0144 pomiarowych, takich jak suwmiarki, skanery 3D czy maszyny wsp\u00f3\u0142rz\u0119dno\u015bciowe,<\/li>\n<\/ul>\n\n\n\n<ul class=\"wp-block-list\">\n<li><strong>Testy w\u0142a\u015bciwo\u015bci mechanicznych<\/strong>: Pr\u00f3by rozci\u0105gania, \u015bciskania, odporno\u015bci na \u015bcieranie oraz testy starzeniowe,<\/li>\n<\/ul>\n\n\n\n<ul class=\"wp-block-list\">\n<li><strong>Kontrol\u0119 wizualn\u0105<\/strong>: Sprawdzane s\u0105 powierzchnie pod k\u0105tem wad, takich jak p\u0119cherze, przebicia czy nier\u00f3wno\u015bci.<\/li>\n<\/ul>\n\n\n\n<p>W przypadku bran\u017cy motoryzacyjnej wszystkie etapy produkcji s\u0105 prowadzone zgodnie z normami bran\u017cowymi&nbsp; takimi jak:<\/p>\n\n\n\n<ul class=\"wp-block-list\">\n<li>IATF 16949: Specyfikacja systemu zarz\u0105dzania jako\u015bci\u0105,<\/li>\n<\/ul>\n\n\n\n<ul class=\"wp-block-list\">\n<li>ISO 14001: Zarz\u0105dzanie \u015brodowiskowe,<\/li>\n<\/ul>\n\n\n\n<ul class=\"wp-block-list\">\n<li>Testy zgodno\u015bci z REACH i RoHS.<\/li>\n<\/ul>\n\n\n\n<div style=\"height:20px\" aria-hidden=\"true\" class=\"wp-block-spacer\"><\/div>\n\n\n<style>#jtg-287 .modula-item .jtg-social a, .lightbox-socials.jtg-social a{ color: #ffffff }#jtg-287 .modula-item .jtg-social svg, .lightbox-socials.jtg-social svg { height: 16px; width: 16px }#jtg-287 .modula-item .jtg-social a:not(:last-child), .lightbox-socials.jtg-social a:not(:last-child) { margin-right: 10px }#jtg-287 .modula-item .figc {color:#ffffff;}#jtg-287 .modula-item .modula-item-content { transform: scale(1) }#jtg-287 { width:100%;}#jtg-287 .modula-items{height:800px;}#jtg-287 .modula-items .figc p.description { font-size:14px; }#jtg-287 .modula-items .figc p.description { color:#ffffff;}#jtg-287.modula-gallery .modula-item > a, #jtg-287.modula-gallery .modula-item, #jtg-287.modula-gallery .modula-item-content > a { cursor:zoom-in; } @media screen and (max-width:480px){#jtg-287 .modula-item .figc .jtg-title {  font-size: 12px; }#jtg-287 .modula-items .figc p.description { color:#ffffff;font-size:10px; }}<\/style>\n<!-- Gallery Container -->\n<div  id=\"jtg-287\" class=\"modula modula-gallery modula-creative-gallery\" data-config=\"{&quot;height&quot;:800,&quot;enableTwitter&quot;:false,&quot;enableWhatsapp&quot;:false,&quot;enableFacebook&quot;:false,&quot;enablePinterest&quot;:false,&quot;enableLinkedin&quot;:false,&quot;enableEmail&quot;:false,&quot;randomFactor&quot;:0,&quot;type&quot;:&quot;creative-gallery&quot;,&quot;columns&quot;:12,&quot;gutter&quot;:10,&quot;mobileGutter&quot;:10,&quot;tabletGutter&quot;:10,&quot;desktopGutter&quot;:10,&quot;enableResponsive&quot;:&quot;0&quot;,&quot;tabletColumns&quot;:&quot;2&quot;,&quot;mobileColumns&quot;:&quot;1&quot;,&quot;lazyLoad&quot;:&quot;0&quot;,&quot;lightboxOpts&quot;:{&quot;loop&quot;:false,&quot;arrows&quot;:true,&quot;toolbar&quot;:true,&quot;keyboard&quot;:false,&quot;wheel&quot;:false,&quot;buttons&quot;:[&quot;close&quot;],&quot;hash&quot;:false,&quot;lang&quot;:&quot;en&quot;,&quot;touch&quot;:false,&quot;protect&quot;:false,&quot;i18n&quot;:{&quot;en&quot;:{&quot;CLOSE&quot;:&quot;Close&quot;,&quot;NEXT&quot;:&quot;Next&quot;,&quot;PREV&quot;:&quot;Previous&quot;,&quot;Error&quot;:&quot;The requested content cannot be loaded. Please try again later.&quot;,&quot;PLAY_START&quot;:&quot;Start slideshow&quot;,&quot;PLAY_STOP&quot;:&quot;Pause slideshow&quot;,&quot;FULL_SCREEN&quot;:&quot;Full screen&quot;,&quot;THUMBS&quot;:&quot;Thumbnails&quot;,&quot;DOWNLOAD&quot;:&quot;Download&quot;,&quot;SHARE&quot;:&quot;Share&quot;,&quot;ZOOM&quot;:&quot;Zoom&quot;}},&quot;clickSlide&quot;:false,&quot;clickOutside&quot;:false,&quot;dblclickContent&quot;:false,&quot;dblclickSlide&quot;:false,&quot;dblclickOutside&quot;:false,&quot;clickContent&quot;:false,&quot;baseTpl&quot;:&quot;&lt;div class=\\&quot;modula-fancybox-container modula-lightbox-jtg-287\\&quot; role=\\&quot;dialog\\&quot; tabindex=\\&quot;-1\\&quot;&gt;&lt;div class=\\&quot;modula-fancybox-bg\\&quot;&gt;&lt;\\\/div&gt;&lt;div class=\\&quot;modula-fancybox-inner\\&quot;&gt;&lt;div class=\\&quot;modula-fancybox-infobar\\&quot;&gt;&lt;span data-fancybox-index&gt;&lt;\\\/span&gt;&nbsp;\\\/&nbsp;&lt;span data-fancybox-count&gt;&lt;\\\/span&gt;&lt;\\\/div&gt;&lt;div class=\\&quot;modula-fancybox-toolbar\\&quot;&gt;{{buttons}}&lt;\\\/div&gt;&lt;div class=\\&quot;modula-fancybox-navigation\\&quot;&gt;{{arrows}}&lt;\\\/div&gt;&lt;div class=\\&quot;modula-fancybox-stage\\&quot;&gt;&lt;\\\/div&gt;&lt;div class=\\&quot;modula-fancybox-caption\\&quot;&gt;&lt;div class=\\&quot;modula-fancybox-caption__body\\&quot;&gt;&lt;\\\/div&gt;&lt;\\\/div&gt;&lt;\\\/div&gt;&lt;\\\/div&gt;&quot;},&quot;inView&quot;:false,&quot;email_subject&quot;:&quot;Check out this awesome image !!&quot;,&quot;email_message&quot;:&quot;Here is the link to the image : %%image_link%% and this is the link to the gallery : %%gallery_link%%&quot;,&quot;lightbox&quot;:&quot;fancybox&quot;}\">\n\n\t\n\t<!-- Items Container -->\n\t<div  class=\"modula-items\">\n\t\t<div class=\"modula-item effect-pufrobo\" >\n\t<div class=\"modula-item-overlay\"><\/div>\n\n\t<div class=\"modula-item-content\">\n\n\t\t\t\t\n\t\t\t\t\t<a data-image-id=\"295\" href=\"https:\/\/premo-wroclaw.pl\/automotive\/wp-content\/uploads\/sites\/3\/2025\/04\/20241218_070858-scaled.jpg\" rel=\"jtg-287\" data-caption=\"\" class=\"tile-inner modula-item-link\"><\/a>\n\t\t\n\t\t<img loading=\"lazy\" decoding=\"async\" class=\"pic\"  data-valign=\"middle\" data-halign=\"center\" alt=\"\" data-full=\"https:\/\/premo-wroclaw.pl\/automotive\/wp-content\/uploads\/sites\/3\/2025\/04\/20241218_070858.jpg\" title=\"20241218_070858\" width=\"472\" height=\"1024\" src=\"https:\/\/premo-wroclaw.pl\/automotive\/wp-content\/uploads\/sites\/3\/2025\/04\/20241218_070858-472x1024.jpg\" data-src=\"https:\/\/premo-wroclaw.pl\/automotive\/wp-content\/uploads\/sites\/3\/2025\/04\/20241218_070858-472x1024.jpg\" data-caption=\"\"srcset=\"https:\/\/premo-wroclaw.pl\/automotive\/wp-content\/uploads\/sites\/3\/2025\/04\/20241218_070858-scaled-472x1024.jpg 472w, https:\/\/premo-wroclaw.pl\/automotive\/wp-content\/uploads\/sites\/3\/2025\/04\/20241218_070858-138x300.jpg 138w, https:\/\/premo-wroclaw.pl\/automotive\/wp-content\/uploads\/sites\/3\/2025\/04\/20241218_070858-768x1666.jpg 768w, https:\/\/premo-wroclaw.pl\/automotive\/wp-content\/uploads\/sites\/3\/2025\/04\/20241218_070858-708x1536.jpg 708w, https:\/\/premo-wroclaw.pl\/automotive\/wp-content\/uploads\/sites\/3\/2025\/04\/20241218_070858-944x2048.jpg 944w, https:\/\/premo-wroclaw.pl\/automotive\/wp-content\/uploads\/sites\/3\/2025\/04\/20241218_070858-scaled.jpg 1180w\" sizes=\"auto, (max-width: 472px) 100vw, 472px\"\" \/>\n\t\t<div class=\"figc no-description\">\n\t\t\t<div class=\"figc-inner\">\n\t\t\t\t\t\t\t\t\t\t\t\t\t\t\t<\/div>\n\t\t<\/div>\n\n\t<\/div>\n\n<\/div><div class=\"modula-item effect-pufrobo\" >\n\t<div class=\"modula-item-overlay\"><\/div>\n\n\t<div class=\"modula-item-content\">\n\n\t\t\t\t\n\t\t\t\t\t<a data-image-id=\"296\" href=\"https:\/\/premo-wroclaw.pl\/automotive\/wp-content\/uploads\/sites\/3\/2025\/04\/20241218_070922-scaled.jpg\" rel=\"jtg-287\" data-caption=\"\" class=\"tile-inner modula-item-link\"><\/a>\n\t\t\n\t\t<img loading=\"lazy\" decoding=\"async\" class=\"pic\"  data-valign=\"middle\" data-halign=\"center\" alt=\"\" data-full=\"https:\/\/premo-wroclaw.pl\/automotive\/wp-content\/uploads\/sites\/3\/2025\/04\/20241218_070922.jpg\" title=\"20241218_070922\" width=\"472\" height=\"1024\" src=\"https:\/\/premo-wroclaw.pl\/automotive\/wp-content\/uploads\/sites\/3\/2025\/04\/20241218_070922-472x1024.jpg\" data-src=\"https:\/\/premo-wroclaw.pl\/automotive\/wp-content\/uploads\/sites\/3\/2025\/04\/20241218_070922-472x1024.jpg\" data-caption=\"\"srcset=\"https:\/\/premo-wroclaw.pl\/automotive\/wp-content\/uploads\/sites\/3\/2025\/04\/20241218_070922-scaled-472x1024.jpg 472w, https:\/\/premo-wroclaw.pl\/automotive\/wp-content\/uploads\/sites\/3\/2025\/04\/20241218_070922-138x300.jpg 138w, https:\/\/premo-wroclaw.pl\/automotive\/wp-content\/uploads\/sites\/3\/2025\/04\/20241218_070922-768x1666.jpg 768w, https:\/\/premo-wroclaw.pl\/automotive\/wp-content\/uploads\/sites\/3\/2025\/04\/20241218_070922-708x1536.jpg 708w, https:\/\/premo-wroclaw.pl\/automotive\/wp-content\/uploads\/sites\/3\/2025\/04\/20241218_070922-944x2048.jpg 944w, https:\/\/premo-wroclaw.pl\/automotive\/wp-content\/uploads\/sites\/3\/2025\/04\/20241218_070922-scaled.jpg 1180w\" sizes=\"auto, (max-width: 472px) 100vw, 472px\"\" \/>\n\t\t<div class=\"figc no-description\">\n\t\t\t<div class=\"figc-inner\">\n\t\t\t\t\t\t\t\t\t\t\t\t\t\t\t<\/div>\n\t\t<\/div>\n\n\t<\/div>\n\n<\/div><div class=\"modula-item effect-pufrobo\" >\n\t<div class=\"modula-item-overlay\"><\/div>\n\n\t<div class=\"modula-item-content\">\n\n\t\t\t\t\n\t\t\t\t\t<a data-image-id=\"297\" href=\"https:\/\/premo-wroclaw.pl\/automotive\/wp-content\/uploads\/sites\/3\/2025\/04\/20241218_071244-scaled.jpg\" rel=\"jtg-287\" data-caption=\"\" class=\"tile-inner modula-item-link\"><\/a>\n\t\t\n\t\t<img loading=\"lazy\" decoding=\"async\" class=\"pic\"  data-valign=\"middle\" data-halign=\"center\" alt=\"\" data-full=\"https:\/\/premo-wroclaw.pl\/automotive\/wp-content\/uploads\/sites\/3\/2025\/04\/20241218_071244.jpg\" title=\"20241218_071244\" width=\"472\" height=\"1024\" src=\"https:\/\/premo-wroclaw.pl\/automotive\/wp-content\/uploads\/sites\/3\/2025\/04\/20241218_071244-472x1024.jpg\" data-src=\"https:\/\/premo-wroclaw.pl\/automotive\/wp-content\/uploads\/sites\/3\/2025\/04\/20241218_071244-472x1024.jpg\" data-caption=\"\"srcset=\"https:\/\/premo-wroclaw.pl\/automotive\/wp-content\/uploads\/sites\/3\/2025\/04\/20241218_071244-scaled-472x1024.jpg 472w, https:\/\/premo-wroclaw.pl\/automotive\/wp-content\/uploads\/sites\/3\/2025\/04\/20241218_071244-138x300.jpg 138w, https:\/\/premo-wroclaw.pl\/automotive\/wp-content\/uploads\/sites\/3\/2025\/04\/20241218_071244-768x1666.jpg 768w, https:\/\/premo-wroclaw.pl\/automotive\/wp-content\/uploads\/sites\/3\/2025\/04\/20241218_071244-708x1536.jpg 708w, https:\/\/premo-wroclaw.pl\/automotive\/wp-content\/uploads\/sites\/3\/2025\/04\/20241218_071244-944x2048.jpg 944w, https:\/\/premo-wroclaw.pl\/automotive\/wp-content\/uploads\/sites\/3\/2025\/04\/20241218_071244-scaled.jpg 1180w\" sizes=\"auto, (max-width: 472px) 100vw, 472px\"\" \/>\n\t\t<div class=\"figc no-description\">\n\t\t\t<div class=\"figc-inner\">\n\t\t\t\t\t\t\t\t\t\t\t\t\t\t\t<\/div>\n\t\t<\/div>\n\n\t<\/div>\n\n<\/div><div class=\"modula-item effect-pufrobo\" >\n\t<div class=\"modula-item-overlay\"><\/div>\n\n\t<div class=\"modula-item-content\">\n\n\t\t\t\t\n\t\t\t\t\t<a data-image-id=\"298\" href=\"https:\/\/premo-wroclaw.pl\/automotive\/wp-content\/uploads\/sites\/3\/2025\/04\/20241218_071343-scaled.jpg\" rel=\"jtg-287\" data-caption=\"\" class=\"tile-inner modula-item-link\"><\/a>\n\t\t\n\t\t<img loading=\"lazy\" decoding=\"async\" class=\"pic\"  data-valign=\"middle\" data-halign=\"center\" alt=\"\" data-full=\"https:\/\/premo-wroclaw.pl\/automotive\/wp-content\/uploads\/sites\/3\/2025\/04\/20241218_071343.jpg\" title=\"20241218_071343\" width=\"472\" height=\"1024\" src=\"https:\/\/premo-wroclaw.pl\/automotive\/wp-content\/uploads\/sites\/3\/2025\/04\/20241218_071343-472x1024.jpg\" data-src=\"https:\/\/premo-wroclaw.pl\/automotive\/wp-content\/uploads\/sites\/3\/2025\/04\/20241218_071343-472x1024.jpg\" data-caption=\"\"srcset=\"https:\/\/premo-wroclaw.pl\/automotive\/wp-content\/uploads\/sites\/3\/2025\/04\/20241218_071343-scaled-472x1024.jpg 472w, https:\/\/premo-wroclaw.pl\/automotive\/wp-content\/uploads\/sites\/3\/2025\/04\/20241218_071343-138x300.jpg 138w, https:\/\/premo-wroclaw.pl\/automotive\/wp-content\/uploads\/sites\/3\/2025\/04\/20241218_071343-768x1666.jpg 768w, https:\/\/premo-wroclaw.pl\/automotive\/wp-content\/uploads\/sites\/3\/2025\/04\/20241218_071343-708x1536.jpg 708w, https:\/\/premo-wroclaw.pl\/automotive\/wp-content\/uploads\/sites\/3\/2025\/04\/20241218_071343-944x2048.jpg 944w, https:\/\/premo-wroclaw.pl\/automotive\/wp-content\/uploads\/sites\/3\/2025\/04\/20241218_071343-scaled.jpg 1180w\" sizes=\"auto, (max-width: 472px) 100vw, 472px\"\" \/>\n\t\t<div class=\"figc no-description\">\n\t\t\t<div class=\"figc-inner\">\n\t\t\t\t\t\t\t\t\t\t\t\t\t\t\t<\/div>\n\t\t<\/div>\n\n\t<\/div>\n\n<\/div>\t\t\n\t<\/div>\n\n\t\n\t\n\t<script type=\"application\/ld+json\">\n\t{\n\t\t\"@context\": \"http:\/\/schema.org\",\n\t\t\"@type\"   : \"ImageGallery\",\n\t\t\"id\"      : \"https:\/\/premo-wroclaw.pl\/automotive\/wp-json\/wp\/v2\/pages\/208\",\n\t\t\"url\"     : \"https:\/\/premo-wroclaw.pl\/automotive\/wp-json\/wp\/v2\/pages\/208\"\n\t}\n\n    <\/script>\n\n\t\n<\/div>","protected":false},"excerpt":{"rendered":"<p>Sztancowanie Premo Automotive&nbsp; prowadzi proces produkcyjny, obr\u00f3bki i konfekcjonowanie element\u00f3w gumowych dla kluczowych odbiorc\u00f3w z obszaru Automotive oraz AGD, poprzez konfekcjonowanie tych produkt\u00f3w. Proces ten jest bardzo skomplikowany i wymaga precyzji, odpowiedniego sprz\u0119tu i spe\u0142nienia rygorystycznych norm jako\u015bciowych zgodnie ze standardami IATF 16949 i&nbsp;Global MMOG\/LE w obszarze sektora Automotive. Park maszynowy jakim dysponuje nasz zak\u0142ad [&hellip;]<\/p>\n","protected":false},"author":1,"featured_media":0,"parent":0,"menu_order":5,"comment_status":"closed","ping_status":"closed","template":"page-templates\/automotive.php","meta":{"footnotes":""},"class_list":["post-208","page","type-page","status-publish","hentry"],"_links":{"self":[{"href":"https:\/\/premo-wroclaw.pl\/automotive\/wp-json\/wp\/v2\/pages\/208","targetHints":{"allow":["GET"]}}],"collection":[{"href":"https:\/\/premo-wroclaw.pl\/automotive\/wp-json\/wp\/v2\/pages"}],"about":[{"href":"https:\/\/premo-wroclaw.pl\/automotive\/wp-json\/wp\/v2\/types\/page"}],"author":[{"embeddable":true,"href":"https:\/\/premo-wroclaw.pl\/automotive\/wp-json\/wp\/v2\/users\/1"}],"replies":[{"embeddable":true,"href":"https:\/\/premo-wroclaw.pl\/automotive\/wp-json\/wp\/v2\/comments?post=208"}],"version-history":[{"count":3,"href":"https:\/\/premo-wroclaw.pl\/automotive\/wp-json\/wp\/v2\/pages\/208\/revisions"}],"predecessor-version":[{"id":351,"href":"https:\/\/premo-wroclaw.pl\/automotive\/wp-json\/wp\/v2\/pages\/208\/revisions\/351"}],"wp:attachment":[{"href":"https:\/\/premo-wroclaw.pl\/automotive\/wp-json\/wp\/v2\/media?parent=208"}],"curies":[{"name":"wp","href":"https:\/\/api.w.org\/{rel}","templated":true}]}}