{"id":206,"date":"2025-04-03T17:02:55","date_gmt":"2025-04-03T15:02:55","guid":{"rendered":"https:\/\/premo-wroclaw.pl\/automotive\/?page_id=206"},"modified":"2025-04-03T18:54:23","modified_gmt":"2025-04-03T16:54:23","slug":"talkowanie","status":"publish","type":"page","link":"https:\/\/premo-wroclaw.pl\/automotive\/talkowanie\/","title":{"rendered":"Talkowanie"},"content":{"rendered":"\n<h2 class=\"wp-block-heading has-text-align-center\">Talkowanie<\/h2>\n\n\n\n<div style=\"height:10px\" aria-hidden=\"true\" class=\"wp-block-spacer\"><\/div>\n\n\n\n<hr class=\"wp-block-separator has-alpha-channel-opacity\"\/>\n\n\n\n<div style=\"height:30px\" aria-hidden=\"true\" class=\"wp-block-spacer\"><\/div>\n\n\n\n<p><strong>Premo Automotive<\/strong> jest r\u00f3wnie\u017c potentatem w procesie us\u0142ug talkowania\u00a0dla klient\u00f3w z obszaru Automotive jak i r\u00f3wnie\u017c AGD.\u00a0Proces talkowania element\u00f3w gumowych, czyli pokrywanie powierzchni talkiem lub inn\u0105 substancj\u0105 jest istotnym etapem w produkcji wyrob\u00f3w gumowych. Celem talkowania jest poprawa w\u0142a\u015bciwo\u015bci u\u017cytkowych element\u00f3w, takich jak zmniejszenie tarcia, zapobieganie sklejaniu si\u0119, czy u\u0142atwienie monta\u017cu. Poni\u017cej opisuj\u0119 typowy proces talkowania:<\/p>\n\n\n\n<p>W naszej fabryce stosujemy proces nak\u0142adania talku poprzez B\u0119bnowanie,<\/p>\n\n\n\n<ul class=\"wp-block-list\">\n<li>Elementy s\u0105 umieszczane w obracaj\u0105cym si\u0119 b\u0119bnie wraz z odpowiedni\u0105 ilo\u015bci\u0105 talku.<\/li>\n\n\n\n<li>W wyniku tarcia talk r\u00f3wnomiernie pokrywa powierzchni\u0119.<\/li>\n<\/ul>\n\n\n\n<p>Po zako\u0144czeniu procesu talkowania elementy gumowe s\u0105 poddawane kontroli&nbsp; jako\u015bci i pakowane,&nbsp;<\/p>\n\n\n\n<ul class=\"wp-block-list\">\n<li>Wizualna inspekcja: Sprawdza si\u0119 r\u00f3wnomierno\u015b\u0107 pokrycia.<\/li>\n\n\n\n<li>Testy funkcjonalne: Upewnienie si\u0119, \u017ce elementy nie sklejaj\u0105 si\u0119 i maj\u0105 odpowiednie w\u0142a\u015bciwo\u015bci u\u017cytkowe.<\/li>\n\n\n\n<li>Talkowane elementy s\u0105 zwykle pakowane w spos\u00f3b zapobiegaj\u0105cy osadzaniu si\u0119 kurzu i zanieczyszcze\u0144 zgodnie z wymogami klienta ko\u0144cowego\u00a0<\/li>\n<\/ul>\n\n\n\n<div style=\"height:20px\" aria-hidden=\"true\" class=\"wp-block-spacer\"><\/div>\n\n\n<style>#jtg-286 .modula-item .jtg-social a, .lightbox-socials.jtg-social a{ color: #ffffff }#jtg-286 .modula-item .jtg-social svg, .lightbox-socials.jtg-social svg { height: 16px; width: 16px }#jtg-286 .modula-item .jtg-social a:not(:last-child), .lightbox-socials.jtg-social a:not(:last-child) { margin-right: 10px }#jtg-286 .modula-item .figc {color:#ffffff;}#jtg-286 .modula-item .modula-item-content { transform: scale(1) }#jtg-286 { width:100%;}#jtg-286 .modula-items{height:800px;}#jtg-286 .modula-items .figc p.description { font-size:14px; }#jtg-286 .modula-items .figc p.description { color:#ffffff;}#jtg-286.modula-gallery .modula-item > a, #jtg-286.modula-gallery .modula-item, #jtg-286.modula-gallery .modula-item-content > a { cursor:zoom-in; } @media screen and (max-width:480px){#jtg-286 .modula-item .figc .jtg-title {  font-size: 12px; }#jtg-286 .modula-items .figc p.description { color:#ffffff;font-size:10px; }}<\/style>\n<!-- Gallery Container -->\n<div  id=\"jtg-286\" class=\"modula modula-gallery modula-creative-gallery\" data-config=\"{&quot;height&quot;:800,&quot;enableTwitter&quot;:false,&quot;enableWhatsapp&quot;:false,&quot;enableFacebook&quot;:false,&quot;enablePinterest&quot;:false,&quot;enableLinkedin&quot;:false,&quot;enableEmail&quot;:false,&quot;randomFactor&quot;:0,&quot;type&quot;:&quot;creative-gallery&quot;,&quot;columns&quot;:12,&quot;gutter&quot;:10,&quot;mobileGutter&quot;:10,&quot;tabletGutter&quot;:10,&quot;desktopGutter&quot;:10,&quot;enableResponsive&quot;:&quot;0&quot;,&quot;tabletColumns&quot;:&quot;2&quot;,&quot;mobileColumns&quot;:&quot;1&quot;,&quot;lazyLoad&quot;:&quot;0&quot;,&quot;lightboxOpts&quot;:{&quot;loop&quot;:false,&quot;arrows&quot;:true,&quot;toolbar&quot;:true,&quot;keyboard&quot;:false,&quot;wheel&quot;:false,&quot;buttons&quot;:[&quot;close&quot;],&quot;hash&quot;:false,&quot;lang&quot;:&quot;en&quot;,&quot;touch&quot;:false,&quot;protect&quot;:false,&quot;i18n&quot;:{&quot;en&quot;:{&quot;CLOSE&quot;:&quot;Close&quot;,&quot;NEXT&quot;:&quot;Next&quot;,&quot;PREV&quot;:&quot;Previous&quot;,&quot;Error&quot;:&quot;The requested content cannot be loaded. Please try again later.&quot;,&quot;PLAY_START&quot;:&quot;Start slideshow&quot;,&quot;PLAY_STOP&quot;:&quot;Pause slideshow&quot;,&quot;FULL_SCREEN&quot;:&quot;Full screen&quot;,&quot;THUMBS&quot;:&quot;Thumbnails&quot;,&quot;DOWNLOAD&quot;:&quot;Download&quot;,&quot;SHARE&quot;:&quot;Share&quot;,&quot;ZOOM&quot;:&quot;Zoom&quot;}},&quot;clickSlide&quot;:false,&quot;clickOutside&quot;:false,&quot;dblclickContent&quot;:false,&quot;dblclickSlide&quot;:false,&quot;dblclickOutside&quot;:false,&quot;clickContent&quot;:false,&quot;baseTpl&quot;:&quot;&lt;div class=\\&quot;modula-fancybox-container modula-lightbox-jtg-286\\&quot; role=\\&quot;dialog\\&quot; tabindex=\\&quot;-1\\&quot;&gt;&lt;div class=\\&quot;modula-fancybox-bg\\&quot;&gt;&lt;\\\/div&gt;&lt;div class=\\&quot;modula-fancybox-inner\\&quot;&gt;&lt;div class=\\&quot;modula-fancybox-infobar\\&quot;&gt;&lt;span data-fancybox-index&gt;&lt;\\\/span&gt;&nbsp;\\\/&nbsp;&lt;span data-fancybox-count&gt;&lt;\\\/span&gt;&lt;\\\/div&gt;&lt;div class=\\&quot;modula-fancybox-toolbar\\&quot;&gt;{{buttons}}&lt;\\\/div&gt;&lt;div class=\\&quot;modula-fancybox-navigation\\&quot;&gt;{{arrows}}&lt;\\\/div&gt;&lt;div class=\\&quot;modula-fancybox-stage\\&quot;&gt;&lt;\\\/div&gt;&lt;div class=\\&quot;modula-fancybox-caption\\&quot;&gt;&lt;div class=\\&quot;modula-fancybox-caption__body\\&quot;&gt;&lt;\\\/div&gt;&lt;\\\/div&gt;&lt;\\\/div&gt;&lt;\\\/div&gt;&quot;},&quot;inView&quot;:false,&quot;email_subject&quot;:&quot;Check out this awesome image !!&quot;,&quot;email_message&quot;:&quot;Here is the link to the image : %%image_link%% and this is the link to the gallery : %%gallery_link%%&quot;,&quot;lightbox&quot;:&quot;fancybox&quot;}\">\n\n\t\n\t<!-- Items Container -->\n\t<div  class=\"modula-items\">\n\t\t<div class=\"modula-item effect-pufrobo\" >\n\t<div class=\"modula-item-overlay\"><\/div>\n\n\t<div class=\"modula-item-content\">\n\n\t\t\t\t\n\t\t\t\t\t<a data-image-id=\"304\" href=\"https:\/\/premo-wroclaw.pl\/automotive\/wp-content\/uploads\/sites\/3\/2025\/04\/20241230_151728-2-scaled.jpg\" rel=\"jtg-286\" data-caption=\"\" class=\"tile-inner modula-item-link\"><\/a>\n\t\t\n\t\t<img loading=\"lazy\" decoding=\"async\" class=\"pic\"  data-valign=\"middle\" data-halign=\"center\" alt=\"\" data-full=\"https:\/\/premo-wroclaw.pl\/automotive\/wp-content\/uploads\/sites\/3\/2025\/04\/20241230_151728-2.jpg\" title=\"20241230_151728\" width=\"1024\" height=\"577\" src=\"https:\/\/premo-wroclaw.pl\/automotive\/wp-content\/uploads\/sites\/3\/2025\/04\/20241230_151728-2-1024x577.jpg\" data-src=\"https:\/\/premo-wroclaw.pl\/automotive\/wp-content\/uploads\/sites\/3\/2025\/04\/20241230_151728-2-1024x577.jpg\" data-caption=\"\"srcset=\"https:\/\/premo-wroclaw.pl\/automotive\/wp-content\/uploads\/sites\/3\/2025\/04\/20241230_151728-2-scaled-1024x577.jpg 1024w, https:\/\/premo-wroclaw.pl\/automotive\/wp-content\/uploads\/sites\/3\/2025\/04\/20241230_151728-2-300x169.jpg 300w, https:\/\/premo-wroclaw.pl\/automotive\/wp-content\/uploads\/sites\/3\/2025\/04\/20241230_151728-2-768x432.jpg 768w, https:\/\/premo-wroclaw.pl\/automotive\/wp-content\/uploads\/sites\/3\/2025\/04\/20241230_151728-2-1536x865.jpg 1536w, https:\/\/premo-wroclaw.pl\/automotive\/wp-content\/uploads\/sites\/3\/2025\/04\/20241230_151728-2-2048x1153.jpg 2048w\" sizes=\"auto, (max-width: 1024px) 100vw, 1024px\"\" \/>\n\t\t<div class=\"figc no-description\">\n\t\t\t<div class=\"figc-inner\">\n\t\t\t\t\t\t\t\t\t\t\t\t\t\t\t<\/div>\n\t\t<\/div>\n\n\t<\/div>\n\n<\/div><div class=\"modula-item effect-pufrobo\" >\n\t<div class=\"modula-item-overlay\"><\/div>\n\n\t<div class=\"modula-item-content\">\n\n\t\t\t\t\n\t\t\t\t\t<a data-image-id=\"315\" href=\"https:\/\/premo-wroclaw.pl\/automotive\/wp-content\/uploads\/sites\/3\/2025\/04\/1000038088.jpg\" rel=\"jtg-286\" data-caption=\"\" class=\"tile-inner modula-item-link\"><\/a>\n\t\t\n\t\t<img loading=\"lazy\" decoding=\"async\" class=\"pic\"  data-valign=\"middle\" data-halign=\"center\" alt=\"\" data-full=\"https:\/\/premo-wroclaw.pl\/automotive\/wp-content\/uploads\/sites\/3\/2025\/04\/1000038088.jpg\" title=\"1000038088\" width=\"1024\" height=\"768\" src=\"https:\/\/premo-wroclaw.pl\/automotive\/wp-content\/uploads\/sites\/3\/2025\/04\/1000038088-1024x768.jpg\" data-src=\"https:\/\/premo-wroclaw.pl\/automotive\/wp-content\/uploads\/sites\/3\/2025\/04\/1000038088-1024x768.jpg\" data-caption=\"\"srcset=\"https:\/\/premo-wroclaw.pl\/automotive\/wp-content\/uploads\/sites\/3\/2025\/04\/1000038088-1024x768.jpg 1024w, https:\/\/premo-wroclaw.pl\/automotive\/wp-content\/uploads\/sites\/3\/2025\/04\/1000038088-300x225.jpg 300w, https:\/\/premo-wroclaw.pl\/automotive\/wp-content\/uploads\/sites\/3\/2025\/04\/1000038088-768x576.jpg 768w, https:\/\/premo-wroclaw.pl\/automotive\/wp-content\/uploads\/sites\/3\/2025\/04\/1000038088-1536x1152.jpg 1536w, https:\/\/premo-wroclaw.pl\/automotive\/wp-content\/uploads\/sites\/3\/2025\/04\/1000038088.jpg 2048w\" sizes=\"auto, (max-width: 1024px) 100vw, 1024px\"\" \/>\n\t\t<div class=\"figc no-description\">\n\t\t\t<div class=\"figc-inner\">\n\t\t\t\t\t\t\t\t\t\t\t\t\t\t\t<\/div>\n\t\t<\/div>\n\n\t<\/div>\n\n<\/div><div class=\"modula-item effect-pufrobo\" >\n\t<div class=\"modula-item-overlay\"><\/div>\n\n\t<div class=\"modula-item-content\">\n\n\t\t\t\t\n\t\t\t\t\t<a data-image-id=\"316\" href=\"https:\/\/premo-wroclaw.pl\/automotive\/wp-content\/uploads\/sites\/3\/2025\/04\/1000038093.jpg\" rel=\"jtg-286\" data-caption=\"\" class=\"tile-inner modula-item-link\"><\/a>\n\t\t\n\t\t<img loading=\"lazy\" decoding=\"async\" class=\"pic\"  data-valign=\"middle\" data-halign=\"center\" alt=\"\" data-full=\"https:\/\/premo-wroclaw.pl\/automotive\/wp-content\/uploads\/sites\/3\/2025\/04\/1000038093.jpg\" title=\"1000038093\" width=\"1024\" height=\"768\" src=\"https:\/\/premo-wroclaw.pl\/automotive\/wp-content\/uploads\/sites\/3\/2025\/04\/1000038093-1024x768.jpg\" data-src=\"https:\/\/premo-wroclaw.pl\/automotive\/wp-content\/uploads\/sites\/3\/2025\/04\/1000038093-1024x768.jpg\" data-caption=\"\"srcset=\"https:\/\/premo-wroclaw.pl\/automotive\/wp-content\/uploads\/sites\/3\/2025\/04\/1000038093-1024x768.jpg 1024w, https:\/\/premo-wroclaw.pl\/automotive\/wp-content\/uploads\/sites\/3\/2025\/04\/1000038093-300x225.jpg 300w, https:\/\/premo-wroclaw.pl\/automotive\/wp-content\/uploads\/sites\/3\/2025\/04\/1000038093-768x576.jpg 768w, https:\/\/premo-wroclaw.pl\/automotive\/wp-content\/uploads\/sites\/3\/2025\/04\/1000038093-1536x1152.jpg 1536w, https:\/\/premo-wroclaw.pl\/automotive\/wp-content\/uploads\/sites\/3\/2025\/04\/1000038093.jpg 2048w\" sizes=\"auto, (max-width: 1024px) 100vw, 1024px\"\" \/>\n\t\t<div class=\"figc no-description\">\n\t\t\t<div class=\"figc-inner\">\n\t\t\t\t\t\t\t\t\t\t\t\t\t\t\t<\/div>\n\t\t<\/div>\n\n\t<\/div>\n\n<\/div><div class=\"modula-item effect-pufrobo\" >\n\t<div class=\"modula-item-overlay\"><\/div>\n\n\t<div class=\"modula-item-content\">\n\n\t\t\t\t\n\t\t\t\t\t<a data-image-id=\"317\" href=\"https:\/\/premo-wroclaw.pl\/automotive\/wp-content\/uploads\/sites\/3\/2025\/04\/1000038086.jpg\" rel=\"jtg-286\" data-caption=\"\" class=\"tile-inner modula-item-link\"><\/a>\n\t\t\n\t\t<img loading=\"lazy\" decoding=\"async\" class=\"pic\"  data-valign=\"middle\" data-halign=\"center\" alt=\"\" data-full=\"https:\/\/premo-wroclaw.pl\/automotive\/wp-content\/uploads\/sites\/3\/2025\/04\/1000038086.jpg\" title=\"1000038086\" width=\"1024\" height=\"768\" src=\"https:\/\/premo-wroclaw.pl\/automotive\/wp-content\/uploads\/sites\/3\/2025\/04\/1000038086-1024x768.jpg\" data-src=\"https:\/\/premo-wroclaw.pl\/automotive\/wp-content\/uploads\/sites\/3\/2025\/04\/1000038086-1024x768.jpg\" data-caption=\"\"srcset=\"https:\/\/premo-wroclaw.pl\/automotive\/wp-content\/uploads\/sites\/3\/2025\/04\/1000038086-1024x768.jpg 1024w, https:\/\/premo-wroclaw.pl\/automotive\/wp-content\/uploads\/sites\/3\/2025\/04\/1000038086-300x225.jpg 300w, https:\/\/premo-wroclaw.pl\/automotive\/wp-content\/uploads\/sites\/3\/2025\/04\/1000038086-768x576.jpg 768w, https:\/\/premo-wroclaw.pl\/automotive\/wp-content\/uploads\/sites\/3\/2025\/04\/1000038086-1536x1152.jpg 1536w, https:\/\/premo-wroclaw.pl\/automotive\/wp-content\/uploads\/sites\/3\/2025\/04\/1000038086.jpg 2048w\" sizes=\"auto, (max-width: 1024px) 100vw, 1024px\"\" \/>\n\t\t<div class=\"figc no-description\">\n\t\t\t<div class=\"figc-inner\">\n\t\t\t\t\t\t\t\t\t\t\t\t\t\t\t<\/div>\n\t\t<\/div>\n\n\t<\/div>\n\n<\/div><div class=\"modula-item effect-pufrobo\" >\n\t<div class=\"modula-item-overlay\"><\/div>\n\n\t<div class=\"modula-item-content\">\n\n\t\t\t\t\n\t\t\t\t\t<a data-image-id=\"318\" href=\"https:\/\/premo-wroclaw.pl\/automotive\/wp-content\/uploads\/sites\/3\/2025\/04\/1000038078.jpg\" rel=\"jtg-286\" data-caption=\"\" class=\"tile-inner modula-item-link\"><\/a>\n\t\t\n\t\t<img loading=\"lazy\" decoding=\"async\" class=\"pic\"  data-valign=\"middle\" data-halign=\"center\" alt=\"\" data-full=\"https:\/\/premo-wroclaw.pl\/automotive\/wp-content\/uploads\/sites\/3\/2025\/04\/1000038078.jpg\" title=\"1000038078\" width=\"1024\" height=\"768\" src=\"https:\/\/premo-wroclaw.pl\/automotive\/wp-content\/uploads\/sites\/3\/2025\/04\/1000038078-1024x768.jpg\" data-src=\"https:\/\/premo-wroclaw.pl\/automotive\/wp-content\/uploads\/sites\/3\/2025\/04\/1000038078-1024x768.jpg\" data-caption=\"\"srcset=\"https:\/\/premo-wroclaw.pl\/automotive\/wp-content\/uploads\/sites\/3\/2025\/04\/1000038078-1024x768.jpg 1024w, https:\/\/premo-wroclaw.pl\/automotive\/wp-content\/uploads\/sites\/3\/2025\/04\/1000038078-300x225.jpg 300w, https:\/\/premo-wroclaw.pl\/automotive\/wp-content\/uploads\/sites\/3\/2025\/04\/1000038078-768x576.jpg 768w, https:\/\/premo-wroclaw.pl\/automotive\/wp-content\/uploads\/sites\/3\/2025\/04\/1000038078-1536x1152.jpg 1536w, https:\/\/premo-wroclaw.pl\/automotive\/wp-content\/uploads\/sites\/3\/2025\/04\/1000038078.jpg 2048w\" sizes=\"auto, (max-width: 1024px) 100vw, 1024px\"\" \/>\n\t\t<div class=\"figc no-description\">\n\t\t\t<div class=\"figc-inner\">\n\t\t\t\t\t\t\t\t\t\t\t\t\t\t\t<\/div>\n\t\t<\/div>\n\n\t<\/div>\n\n<\/div><div class=\"modula-item effect-pufrobo\" >\n\t<div class=\"modula-item-overlay\"><\/div>\n\n\t<div class=\"modula-item-content\">\n\n\t\t\t\t\n\t\t\t\t\t<a data-image-id=\"319\" href=\"https:\/\/premo-wroclaw.pl\/automotive\/wp-content\/uploads\/sites\/3\/2025\/04\/1000038081.jpg\" rel=\"jtg-286\" data-caption=\"\" class=\"tile-inner modula-item-link\"><\/a>\n\t\t\n\t\t<img loading=\"lazy\" decoding=\"async\" class=\"pic\"  data-valign=\"middle\" data-halign=\"center\" alt=\"\" data-full=\"https:\/\/premo-wroclaw.pl\/automotive\/wp-content\/uploads\/sites\/3\/2025\/04\/1000038081.jpg\" title=\"1000038081\" width=\"1024\" height=\"768\" src=\"https:\/\/premo-wroclaw.pl\/automotive\/wp-content\/uploads\/sites\/3\/2025\/04\/1000038081-1024x768.jpg\" data-src=\"https:\/\/premo-wroclaw.pl\/automotive\/wp-content\/uploads\/sites\/3\/2025\/04\/1000038081-1024x768.jpg\" data-caption=\"\"srcset=\"https:\/\/premo-wroclaw.pl\/automotive\/wp-content\/uploads\/sites\/3\/2025\/04\/1000038081-1024x768.jpg 1024w, https:\/\/premo-wroclaw.pl\/automotive\/wp-content\/uploads\/sites\/3\/2025\/04\/1000038081-300x225.jpg 300w, https:\/\/premo-wroclaw.pl\/automotive\/wp-content\/uploads\/sites\/3\/2025\/04\/1000038081-768x576.jpg 768w, https:\/\/premo-wroclaw.pl\/automotive\/wp-content\/uploads\/sites\/3\/2025\/04\/1000038081-1536x1152.jpg 1536w, https:\/\/premo-wroclaw.pl\/automotive\/wp-content\/uploads\/sites\/3\/2025\/04\/1000038081.jpg 2048w\" sizes=\"auto, (max-width: 1024px) 100vw, 1024px\"\" \/>\n\t\t<div class=\"figc no-description\">\n\t\t\t<div class=\"figc-inner\">\n\t\t\t\t\t\t\t\t\t\t\t\t\t\t\t<\/div>\n\t\t<\/div>\n\n\t<\/div>\n\n<\/div><div class=\"modula-item effect-pufrobo\" >\n\t<div class=\"modula-item-overlay\"><\/div>\n\n\t<div class=\"modula-item-content\">\n\n\t\t\t\t\n\t\t\t\t\t<a data-image-id=\"320\" href=\"https:\/\/premo-wroclaw.pl\/automotive\/wp-content\/uploads\/sites\/3\/2025\/04\/1000038095.jpg\" rel=\"jtg-286\" data-caption=\"\" class=\"tile-inner modula-item-link\"><\/a>\n\t\t\n\t\t<img loading=\"lazy\" decoding=\"async\" class=\"pic\"  data-valign=\"middle\" data-halign=\"center\" alt=\"\" data-full=\"https:\/\/premo-wroclaw.pl\/automotive\/wp-content\/uploads\/sites\/3\/2025\/04\/1000038095.jpg\" title=\"1000038095\" width=\"1024\" height=\"768\" src=\"https:\/\/premo-wroclaw.pl\/automotive\/wp-content\/uploads\/sites\/3\/2025\/04\/1000038095-1024x768.jpg\" data-src=\"https:\/\/premo-wroclaw.pl\/automotive\/wp-content\/uploads\/sites\/3\/2025\/04\/1000038095-1024x768.jpg\" data-caption=\"\"srcset=\"https:\/\/premo-wroclaw.pl\/automotive\/wp-content\/uploads\/sites\/3\/2025\/04\/1000038095-1024x768.jpg 1024w, https:\/\/premo-wroclaw.pl\/automotive\/wp-content\/uploads\/sites\/3\/2025\/04\/1000038095-300x225.jpg 300w, https:\/\/premo-wroclaw.pl\/automotive\/wp-content\/uploads\/sites\/3\/2025\/04\/1000038095-768x576.jpg 768w, https:\/\/premo-wroclaw.pl\/automotive\/wp-content\/uploads\/sites\/3\/2025\/04\/1000038095-1536x1152.jpg 1536w, https:\/\/premo-wroclaw.pl\/automotive\/wp-content\/uploads\/sites\/3\/2025\/04\/1000038095.jpg 2048w\" sizes=\"auto, (max-width: 1024px) 100vw, 1024px\"\" \/>\n\t\t<div class=\"figc no-description\">\n\t\t\t<div class=\"figc-inner\">\n\t\t\t\t\t\t\t\t\t\t\t\t\t\t\t<\/div>\n\t\t<\/div>\n\n\t<\/div>\n\n<\/div><div class=\"modula-item effect-pufrobo\" >\n\t<div class=\"modula-item-overlay\"><\/div>\n\n\t<div class=\"modula-item-content\">\n\n\t\t\t\t\n\t\t\t\t\t<a data-image-id=\"321\" href=\"https:\/\/premo-wroclaw.pl\/automotive\/wp-content\/uploads\/sites\/3\/2025\/04\/1000038091.jpg\" rel=\"jtg-286\" data-caption=\"\" class=\"tile-inner modula-item-link\"><\/a>\n\t\t\n\t\t<img loading=\"lazy\" decoding=\"async\" class=\"pic\"  data-valign=\"middle\" data-halign=\"center\" alt=\"\" data-full=\"https:\/\/premo-wroclaw.pl\/automotive\/wp-content\/uploads\/sites\/3\/2025\/04\/1000038091.jpg\" title=\"1000038091\" width=\"1024\" height=\"768\" src=\"https:\/\/premo-wroclaw.pl\/automotive\/wp-content\/uploads\/sites\/3\/2025\/04\/1000038091-1024x768.jpg\" data-src=\"https:\/\/premo-wroclaw.pl\/automotive\/wp-content\/uploads\/sites\/3\/2025\/04\/1000038091-1024x768.jpg\" data-caption=\"\"srcset=\"https:\/\/premo-wroclaw.pl\/automotive\/wp-content\/uploads\/sites\/3\/2025\/04\/1000038091-1024x768.jpg 1024w, https:\/\/premo-wroclaw.pl\/automotive\/wp-content\/uploads\/sites\/3\/2025\/04\/1000038091-300x225.jpg 300w, https:\/\/premo-wroclaw.pl\/automotive\/wp-content\/uploads\/sites\/3\/2025\/04\/1000038091-768x576.jpg 768w, https:\/\/premo-wroclaw.pl\/automotive\/wp-content\/uploads\/sites\/3\/2025\/04\/1000038091-1536x1152.jpg 1536w, https:\/\/premo-wroclaw.pl\/automotive\/wp-content\/uploads\/sites\/3\/2025\/04\/1000038091.jpg 2048w\" sizes=\"auto, (max-width: 1024px) 100vw, 1024px\"\" \/>\n\t\t<div class=\"figc no-description\">\n\t\t\t<div class=\"figc-inner\">\n\t\t\t\t\t\t\t\t\t\t\t\t\t\t\t<\/div>\n\t\t<\/div>\n\n\t<\/div>\n\n<\/div><div class=\"modula-item effect-pufrobo\" >\n\t<div class=\"modula-item-overlay\"><\/div>\n\n\t<div class=\"modula-item-content\">\n\n\t\t\t\t\n\t\t\t\t\t<a data-image-id=\"322\" href=\"https:\/\/premo-wroclaw.pl\/automotive\/wp-content\/uploads\/sites\/3\/2025\/04\/1000038084.jpg\" rel=\"jtg-286\" data-caption=\"\" class=\"tile-inner modula-item-link\"><\/a>\n\t\t\n\t\t<img loading=\"lazy\" decoding=\"async\" class=\"pic\"  data-valign=\"middle\" data-halign=\"center\" alt=\"\" data-full=\"https:\/\/premo-wroclaw.pl\/automotive\/wp-content\/uploads\/sites\/3\/2025\/04\/1000038084.jpg\" title=\"1000038084\" width=\"1024\" height=\"768\" src=\"https:\/\/premo-wroclaw.pl\/automotive\/wp-content\/uploads\/sites\/3\/2025\/04\/1000038084-1024x768.jpg\" data-src=\"https:\/\/premo-wroclaw.pl\/automotive\/wp-content\/uploads\/sites\/3\/2025\/04\/1000038084-1024x768.jpg\" data-caption=\"\"srcset=\"https:\/\/premo-wroclaw.pl\/automotive\/wp-content\/uploads\/sites\/3\/2025\/04\/1000038084-1024x768.jpg 1024w, https:\/\/premo-wroclaw.pl\/automotive\/wp-content\/uploads\/sites\/3\/2025\/04\/1000038084-300x225.jpg 300w, https:\/\/premo-wroclaw.pl\/automotive\/wp-content\/uploads\/sites\/3\/2025\/04\/1000038084-768x576.jpg 768w, https:\/\/premo-wroclaw.pl\/automotive\/wp-content\/uploads\/sites\/3\/2025\/04\/1000038084-1536x1152.jpg 1536w, https:\/\/premo-wroclaw.pl\/automotive\/wp-content\/uploads\/sites\/3\/2025\/04\/1000038084.jpg 2048w\" sizes=\"auto, (max-width: 1024px) 100vw, 1024px\"\" \/>\n\t\t<div class=\"figc no-description\">\n\t\t\t<div class=\"figc-inner\">\n\t\t\t\t\t\t\t\t\t\t\t\t\t\t\t<\/div>\n\t\t<\/div>\n\n\t<\/div>\n\n<\/div>\t\t\n\t<\/div>\n\n\t\n\t\n\t<script type=\"application\/ld+json\">\n\t{\n\t\t\"@context\": \"http:\/\/schema.org\",\n\t\t\"@type\"   : \"ImageGallery\",\n\t\t\"id\"      : \"https:\/\/premo-wroclaw.pl\/automotive\/wp-json\/wp\/v2\/pages\/206\",\n\t\t\"url\"     : \"https:\/\/premo-wroclaw.pl\/automotive\/wp-json\/wp\/v2\/pages\/206\"\n\t}\n\n    <\/script>\n\n\t\n<\/div>","protected":false},"excerpt":{"rendered":"<p>Talkowanie Premo Automotive jest r\u00f3wnie\u017c potentatem w procesie us\u0142ug talkowania\u00a0dla klient\u00f3w z obszaru Automotive jak i r\u00f3wnie\u017c AGD.\u00a0Proces talkowania element\u00f3w gumowych, czyli pokrywanie powierzchni talkiem lub inn\u0105 substancj\u0105 jest istotnym etapem w produkcji wyrob\u00f3w gumowych. Celem talkowania jest poprawa w\u0142a\u015bciwo\u015bci u\u017cytkowych element\u00f3w, takich jak zmniejszenie tarcia, zapobieganie sklejaniu si\u0119, czy u\u0142atwienie monta\u017cu. Poni\u017cej opisuj\u0119 typowy [&hellip;]<\/p>\n","protected":false},"author":1,"featured_media":0,"parent":0,"menu_order":4,"comment_status":"closed","ping_status":"closed","template":"page-templates\/automotive.php","meta":{"footnotes":""},"class_list":["post-206","page","type-page","status-publish","hentry"],"_links":{"self":[{"href":"https:\/\/premo-wroclaw.pl\/automotive\/wp-json\/wp\/v2\/pages\/206","targetHints":{"allow":["GET"]}}],"collection":[{"href":"https:\/\/premo-wroclaw.pl\/automotive\/wp-json\/wp\/v2\/pages"}],"about":[{"href":"https:\/\/premo-wroclaw.pl\/automotive\/wp-json\/wp\/v2\/types\/page"}],"author":[{"embeddable":true,"href":"https:\/\/premo-wroclaw.pl\/automotive\/wp-json\/wp\/v2\/users\/1"}],"replies":[{"embeddable":true,"href":"https:\/\/premo-wroclaw.pl\/automotive\/wp-json\/wp\/v2\/comments?post=206"}],"version-history":[{"count":3,"href":"https:\/\/premo-wroclaw.pl\/automotive\/wp-json\/wp\/v2\/pages\/206\/revisions"}],"predecessor-version":[{"id":303,"href":"https:\/\/premo-wroclaw.pl\/automotive\/wp-json\/wp\/v2\/pages\/206\/revisions\/303"}],"wp:attachment":[{"href":"https:\/\/premo-wroclaw.pl\/automotive\/wp-json\/wp\/v2\/media?parent=206"}],"curies":[{"name":"wp","href":"https:\/\/api.w.org\/{rel}","templated":true}]}}