{"id":204,"date":"2025-04-03T17:02:40","date_gmt":"2025-04-03T15:02:40","guid":{"rendered":"https:\/\/premo-wroclaw.pl\/automotive\/?page_id=204"},"modified":"2025-04-03T18:52:01","modified_gmt":"2025-04-03T16:52:01","slug":"flokowanie","status":"publish","type":"page","link":"https:\/\/premo-wroclaw.pl\/automotive\/flokowanie\/","title":{"rendered":"Flokowanie"},"content":{"rendered":"\n<h2 class=\"wp-block-heading has-text-align-center\">Flokowanie<\/h2>\n\n\n\n<div style=\"height:10px\" aria-hidden=\"true\" class=\"wp-block-spacer\"><\/div>\n\n\n\n<hr class=\"wp-block-separator has-alpha-channel-opacity\"\/>\n\n\n\n<div style=\"height:30px\" aria-hidden=\"true\" class=\"wp-block-spacer\"><\/div>\n\n\n\n<p><strong>Premo Automotive<\/strong> Posiadamy Flokowanie wraz z urz\u0105dzaniem do Flokowania Firmy <strong>Maag Flock GmBH<\/strong>. Flokowanie to technika polegaj\u0105ca na nanoszeniu na powierzchni\u0119 kr\u00f3tkich w\u0142\u00f3kien tekstylnych (zwanych flokiem) przy u\u017cyciu kleju i cz\u0119sto pola elektrostatycznego. Proces ten pozwala na uzyskanie aksamitnej, mi\u0119kkiej w dotyku warstwy na r\u00f3\u017cnych materia\u0142ach, takich jak papier, plastik, drewno, metal czy tkaniny. W\u0142\u00f3kna te mog\u0105 by\u0107 wykonane z r\u00f3\u017cnych materia\u0142\u00f3w, takich jak nylon, bawe\u0142na, poliester czy wiskoza. Proces ten pozwala na zwi\u0119kszenie estetyki i funkcjonalno\u015bci produkt\u00f3w.<\/p>\n\n\n\n<p><strong>Premo Automotive<\/strong>&nbsp; jest dostawc\u0105 us\u0142ugi lub produkt\u00f3w gotowych dla takich bran\u017c&nbsp; jak motoryzacja, tekstylia, opakowania, czy dekoracje.<\/p>\n\n\n\n<p>W procesie, kt\u00f3ry jest do\u015b\u0107 wymagaj\u0105cy pod wzgl\u0119dem technologicznym jak i r\u00f3wnie\u017c pod wzgl\u0119dem realizacyjnym przestrzegamy z wielka skrupulatno\u015bci\u0105, rygor\u00f3w technologiczno &#8211;\u00a0 jako\u015bciowych narzuconych przez klienta ko\u0144cowego, poprzez odpowiednie ustawienie procesu czyli:\u00a0 \u00a0<\/p>\n\n\n\n<ul class=\"wp-block-list\">\n<li><strong>Przygotowanie powierzchni<\/strong>: poprzez odpowiednie jej oczyszczenie i pokrycie klejem,\u00a0<\/li>\n\n\n\n<li><strong>Nanoszenie w\u0142\u00f3kien<\/strong>:\u00a0 przy u\u017cyciu specjalnego urz\u0105dzenia elektrostatycznego,<\/li>\n\n\n\n<li><strong>Suszenie<\/strong>: po na\u0142o\u017ceniu flok\u00f3w powierzchnia jest suszona, aby klej m\u00f3g\u0142 dobrze zwi\u0105za\u0107 w\u0142\u00f3kna,\u00a0<\/li>\n\n\n\n<li><strong>Usuwanie nadmiaru<\/strong> <strong>w\u0142\u00f3kien : <\/strong>proces ten odbywa si\u0119<strong>\u00a0<\/strong> za pomoc\u0105 spr\u0119\u017conego powietrza,\u00a0<\/li>\n\n\n\n<li><strong>Utwardzanie:<\/strong> po naniesieniu flaku produkt docelowy jest umieszczany na polu odk\u0142adczym w celu uzyskania stabilno\u015bci ko\u0144cowej.<\/li>\n<\/ul>\n\n\n\n<div style=\"height:20px\" aria-hidden=\"true\" class=\"wp-block-spacer\"><\/div>\n\n\n<style>#jtg-285 .modula-item .jtg-social a, .lightbox-socials.jtg-social a{ color: #ffffff }#jtg-285 .modula-item .jtg-social svg, .lightbox-socials.jtg-social svg { height: 16px; width: 16px }#jtg-285 .modula-item .jtg-social a:not(:last-child), .lightbox-socials.jtg-social a:not(:last-child) { margin-right: 10px }#jtg-285 .modula-item .figc {color:#ffffff;}#jtg-285 .modula-item .modula-item-content { transform: scale(1) }#jtg-285 { width:100%;}#jtg-285 .modula-items{height:800px;}#jtg-285 .modula-items .figc p.description { font-size:14px; }#jtg-285 .modula-items .figc p.description { color:#ffffff;}#jtg-285.modula-gallery .modula-item > a, #jtg-285.modula-gallery .modula-item, #jtg-285.modula-gallery .modula-item-content > a { cursor:zoom-in; } @media screen and (max-width:480px){#jtg-285 .modula-item .figc .jtg-title {  font-size: 12px; }#jtg-285 .modula-items .figc p.description { color:#ffffff;font-size:10px; }}<\/style>\n<!-- Gallery Container -->\n<div  id=\"jtg-285\" class=\"modula modula-gallery modula-creative-gallery\" data-config=\"{&quot;height&quot;:800,&quot;enableTwitter&quot;:false,&quot;enableWhatsapp&quot;:false,&quot;enableFacebook&quot;:false,&quot;enablePinterest&quot;:false,&quot;enableLinkedin&quot;:false,&quot;enableEmail&quot;:false,&quot;randomFactor&quot;:0,&quot;type&quot;:&quot;creative-gallery&quot;,&quot;columns&quot;:12,&quot;gutter&quot;:10,&quot;mobileGutter&quot;:10,&quot;tabletGutter&quot;:10,&quot;desktopGutter&quot;:10,&quot;enableResponsive&quot;:&quot;0&quot;,&quot;tabletColumns&quot;:&quot;2&quot;,&quot;mobileColumns&quot;:&quot;1&quot;,&quot;lazyLoad&quot;:&quot;0&quot;,&quot;lightboxOpts&quot;:{&quot;loop&quot;:false,&quot;arrows&quot;:true,&quot;toolbar&quot;:true,&quot;keyboard&quot;:false,&quot;wheel&quot;:false,&quot;buttons&quot;:[&quot;close&quot;],&quot;hash&quot;:false,&quot;lang&quot;:&quot;en&quot;,&quot;touch&quot;:false,&quot;protect&quot;:false,&quot;i18n&quot;:{&quot;en&quot;:{&quot;CLOSE&quot;:&quot;Close&quot;,&quot;NEXT&quot;:&quot;Next&quot;,&quot;PREV&quot;:&quot;Previous&quot;,&quot;Error&quot;:&quot;The requested content cannot be loaded. Please try again later.&quot;,&quot;PLAY_START&quot;:&quot;Start slideshow&quot;,&quot;PLAY_STOP&quot;:&quot;Pause slideshow&quot;,&quot;FULL_SCREEN&quot;:&quot;Full screen&quot;,&quot;THUMBS&quot;:&quot;Thumbnails&quot;,&quot;DOWNLOAD&quot;:&quot;Download&quot;,&quot;SHARE&quot;:&quot;Share&quot;,&quot;ZOOM&quot;:&quot;Zoom&quot;}},&quot;clickSlide&quot;:false,&quot;clickOutside&quot;:false,&quot;dblclickContent&quot;:false,&quot;dblclickSlide&quot;:false,&quot;dblclickOutside&quot;:false,&quot;clickContent&quot;:false,&quot;baseTpl&quot;:&quot;&lt;div class=\\&quot;modula-fancybox-container modula-lightbox-jtg-285\\&quot; role=\\&quot;dialog\\&quot; tabindex=\\&quot;-1\\&quot;&gt;&lt;div class=\\&quot;modula-fancybox-bg\\&quot;&gt;&lt;\\\/div&gt;&lt;div class=\\&quot;modula-fancybox-inner\\&quot;&gt;&lt;div class=\\&quot;modula-fancybox-infobar\\&quot;&gt;&lt;span data-fancybox-index&gt;&lt;\\\/span&gt;&nbsp;\\\/&nbsp;&lt;span data-fancybox-count&gt;&lt;\\\/span&gt;&lt;\\\/div&gt;&lt;div class=\\&quot;modula-fancybox-toolbar\\&quot;&gt;{{buttons}}&lt;\\\/div&gt;&lt;div class=\\&quot;modula-fancybox-navigation\\&quot;&gt;{{arrows}}&lt;\\\/div&gt;&lt;div class=\\&quot;modula-fancybox-stage\\&quot;&gt;&lt;\\\/div&gt;&lt;div class=\\&quot;modula-fancybox-caption\\&quot;&gt;&lt;div class=\\&quot;modula-fancybox-caption__body\\&quot;&gt;&lt;\\\/div&gt;&lt;\\\/div&gt;&lt;\\\/div&gt;&lt;\\\/div&gt;&quot;},&quot;inView&quot;:false,&quot;email_subject&quot;:&quot;Check out this awesome image !!&quot;,&quot;email_message&quot;:&quot;Here is the link to the image : %%image_link%% and this is the link to the gallery : %%gallery_link%%&quot;,&quot;lightbox&quot;:&quot;fancybox&quot;}\">\n\n\t\n\t<!-- Items Container -->\n\t<div  class=\"modula-items\">\n\t\t<div class=\"modula-item effect-pufrobo\" >\n\t<div class=\"modula-item-overlay\"><\/div>\n\n\t<div class=\"modula-item-content\">\n\n\t\t\t\t\n\t\t\t\t\t<a data-image-id=\"312\" href=\"https:\/\/premo-wroclaw.pl\/automotive\/wp-content\/uploads\/sites\/3\/2025\/04\/1000038134.jpg\" rel=\"jtg-285\" data-caption=\"\" class=\"tile-inner modula-item-link\"><\/a>\n\t\t\n\t\t<img loading=\"lazy\" decoding=\"async\" class=\"pic\"  data-valign=\"middle\" data-halign=\"center\" alt=\"\" data-full=\"https:\/\/premo-wroclaw.pl\/automotive\/wp-content\/uploads\/sites\/3\/2025\/04\/1000038134.jpg\" title=\"1000038134\" width=\"1024\" height=\"768\" src=\"https:\/\/premo-wroclaw.pl\/automotive\/wp-content\/uploads\/sites\/3\/2025\/04\/1000038134-1024x768.jpg\" data-src=\"https:\/\/premo-wroclaw.pl\/automotive\/wp-content\/uploads\/sites\/3\/2025\/04\/1000038134-1024x768.jpg\" data-caption=\"\"srcset=\"https:\/\/premo-wroclaw.pl\/automotive\/wp-content\/uploads\/sites\/3\/2025\/04\/1000038134-1024x768.jpg 1024w, https:\/\/premo-wroclaw.pl\/automotive\/wp-content\/uploads\/sites\/3\/2025\/04\/1000038134-300x225.jpg 300w, https:\/\/premo-wroclaw.pl\/automotive\/wp-content\/uploads\/sites\/3\/2025\/04\/1000038134-768x576.jpg 768w, https:\/\/premo-wroclaw.pl\/automotive\/wp-content\/uploads\/sites\/3\/2025\/04\/1000038134-1536x1152.jpg 1536w, https:\/\/premo-wroclaw.pl\/automotive\/wp-content\/uploads\/sites\/3\/2025\/04\/1000038134.jpg 2048w\" sizes=\"auto, (max-width: 1024px) 100vw, 1024px\"\" \/>\n\t\t<div class=\"figc no-description\">\n\t\t\t<div class=\"figc-inner\">\n\t\t\t\t\t\t\t\t\t\t\t\t\t\t\t<\/div>\n\t\t<\/div>\n\n\t<\/div>\n\n<\/div><div class=\"modula-item effect-pufrobo\" >\n\t<div class=\"modula-item-overlay\"><\/div>\n\n\t<div class=\"modula-item-content\">\n\n\t\t\t\t\n\t\t\t\t\t<a data-image-id=\"313\" href=\"https:\/\/premo-wroclaw.pl\/automotive\/wp-content\/uploads\/sites\/3\/2025\/04\/1000038135.jpg\" rel=\"jtg-285\" data-caption=\"\" class=\"tile-inner modula-item-link\"><\/a>\n\t\t\n\t\t<img loading=\"lazy\" decoding=\"async\" class=\"pic\"  data-valign=\"middle\" data-halign=\"center\" alt=\"\" data-full=\"https:\/\/premo-wroclaw.pl\/automotive\/wp-content\/uploads\/sites\/3\/2025\/04\/1000038135.jpg\" title=\"1000038135\" width=\"1024\" height=\"768\" src=\"https:\/\/premo-wroclaw.pl\/automotive\/wp-content\/uploads\/sites\/3\/2025\/04\/1000038135-1024x768.jpg\" data-src=\"https:\/\/premo-wroclaw.pl\/automotive\/wp-content\/uploads\/sites\/3\/2025\/04\/1000038135-1024x768.jpg\" data-caption=\"\"srcset=\"https:\/\/premo-wroclaw.pl\/automotive\/wp-content\/uploads\/sites\/3\/2025\/04\/1000038135-1024x768.jpg 1024w, https:\/\/premo-wroclaw.pl\/automotive\/wp-content\/uploads\/sites\/3\/2025\/04\/1000038135-300x225.jpg 300w, https:\/\/premo-wroclaw.pl\/automotive\/wp-content\/uploads\/sites\/3\/2025\/04\/1000038135-768x576.jpg 768w, https:\/\/premo-wroclaw.pl\/automotive\/wp-content\/uploads\/sites\/3\/2025\/04\/1000038135-1536x1152.jpg 1536w, https:\/\/premo-wroclaw.pl\/automotive\/wp-content\/uploads\/sites\/3\/2025\/04\/1000038135.jpg 2048w\" sizes=\"auto, (max-width: 1024px) 100vw, 1024px\"\" \/>\n\t\t<div class=\"figc no-description\">\n\t\t\t<div class=\"figc-inner\">\n\t\t\t\t\t\t\t\t\t\t\t\t\t\t\t<\/div>\n\t\t<\/div>\n\n\t<\/div>\n\n<\/div><div class=\"modula-item effect-pufrobo\" >\n\t<div class=\"modula-item-overlay\"><\/div>\n\n\t<div class=\"modula-item-content\">\n\n\t\t\t\t\n\t\t\t\t\t<a data-image-id=\"310\" href=\"https:\/\/premo-wroclaw.pl\/automotive\/wp-content\/uploads\/sites\/3\/2025\/04\/1000038133.jpg\" rel=\"jtg-285\" data-caption=\"\" class=\"tile-inner modula-item-link\"><\/a>\n\t\t\n\t\t<img loading=\"lazy\" decoding=\"async\" class=\"pic\"  data-valign=\"middle\" data-halign=\"center\" alt=\"\" data-full=\"https:\/\/premo-wroclaw.pl\/automotive\/wp-content\/uploads\/sites\/3\/2025\/04\/1000038133.jpg\" title=\"1000038133\" width=\"1024\" height=\"768\" src=\"https:\/\/premo-wroclaw.pl\/automotive\/wp-content\/uploads\/sites\/3\/2025\/04\/1000038133-1024x768.jpg\" data-src=\"https:\/\/premo-wroclaw.pl\/automotive\/wp-content\/uploads\/sites\/3\/2025\/04\/1000038133-1024x768.jpg\" data-caption=\"\"srcset=\"https:\/\/premo-wroclaw.pl\/automotive\/wp-content\/uploads\/sites\/3\/2025\/04\/1000038133-1024x768.jpg 1024w, https:\/\/premo-wroclaw.pl\/automotive\/wp-content\/uploads\/sites\/3\/2025\/04\/1000038133-300x225.jpg 300w, https:\/\/premo-wroclaw.pl\/automotive\/wp-content\/uploads\/sites\/3\/2025\/04\/1000038133-768x576.jpg 768w, https:\/\/premo-wroclaw.pl\/automotive\/wp-content\/uploads\/sites\/3\/2025\/04\/1000038133-1536x1152.jpg 1536w, https:\/\/premo-wroclaw.pl\/automotive\/wp-content\/uploads\/sites\/3\/2025\/04\/1000038133.jpg 2048w\" sizes=\"auto, (max-width: 1024px) 100vw, 1024px\"\" \/>\n\t\t<div class=\"figc no-description\">\n\t\t\t<div class=\"figc-inner\">\n\t\t\t\t\t\t\t\t\t\t\t\t\t\t\t<\/div>\n\t\t<\/div>\n\n\t<\/div>\n\n<\/div><div class=\"modula-item effect-pufrobo\" >\n\t<div class=\"modula-item-overlay\"><\/div>\n\n\t<div class=\"modula-item-content\">\n\n\t\t\t\t\n\t\t\t\t\t<a data-image-id=\"309\" href=\"https:\/\/premo-wroclaw.pl\/automotive\/wp-content\/uploads\/sites\/3\/2025\/04\/1000038116.jpg\" rel=\"jtg-285\" data-caption=\"\" class=\"tile-inner modula-item-link\"><\/a>\n\t\t\n\t\t<img loading=\"lazy\" decoding=\"async\" class=\"pic\"  data-valign=\"middle\" data-halign=\"center\" alt=\"\" data-full=\"https:\/\/premo-wroclaw.pl\/automotive\/wp-content\/uploads\/sites\/3\/2025\/04\/1000038116.jpg\" title=\"1000038116\" width=\"1024\" height=\"768\" src=\"https:\/\/premo-wroclaw.pl\/automotive\/wp-content\/uploads\/sites\/3\/2025\/04\/1000038116-1024x768.jpg\" data-src=\"https:\/\/premo-wroclaw.pl\/automotive\/wp-content\/uploads\/sites\/3\/2025\/04\/1000038116-1024x768.jpg\" data-caption=\"\"srcset=\"https:\/\/premo-wroclaw.pl\/automotive\/wp-content\/uploads\/sites\/3\/2025\/04\/1000038116-1024x768.jpg 1024w, https:\/\/premo-wroclaw.pl\/automotive\/wp-content\/uploads\/sites\/3\/2025\/04\/1000038116-300x225.jpg 300w, https:\/\/premo-wroclaw.pl\/automotive\/wp-content\/uploads\/sites\/3\/2025\/04\/1000038116-768x576.jpg 768w, https:\/\/premo-wroclaw.pl\/automotive\/wp-content\/uploads\/sites\/3\/2025\/04\/1000038116-1536x1152.jpg 1536w, https:\/\/premo-wroclaw.pl\/automotive\/wp-content\/uploads\/sites\/3\/2025\/04\/1000038116.jpg 2048w\" sizes=\"auto, (max-width: 1024px) 100vw, 1024px\"\" \/>\n\t\t<div class=\"figc no-description\">\n\t\t\t<div class=\"figc-inner\">\n\t\t\t\t\t\t\t\t\t\t\t\t\t\t\t<\/div>\n\t\t<\/div>\n\n\t<\/div>\n\n<\/div><div class=\"modula-item effect-pufrobo\" >\n\t<div class=\"modula-item-overlay\"><\/div>\n\n\t<div class=\"modula-item-content\">\n\n\t\t\t\t\n\t\t\t\t\t<a data-image-id=\"311\" href=\"https:\/\/premo-wroclaw.pl\/automotive\/wp-content\/uploads\/sites\/3\/2025\/04\/1000038137.jpg\" rel=\"jtg-285\" data-caption=\"\" class=\"tile-inner modula-item-link\"><\/a>\n\t\t\n\t\t<img loading=\"lazy\" decoding=\"async\" class=\"pic\"  data-valign=\"middle\" data-halign=\"center\" alt=\"\" data-full=\"https:\/\/premo-wroclaw.pl\/automotive\/wp-content\/uploads\/sites\/3\/2025\/04\/1000038137.jpg\" title=\"1000038137\" width=\"1024\" height=\"768\" src=\"https:\/\/premo-wroclaw.pl\/automotive\/wp-content\/uploads\/sites\/3\/2025\/04\/1000038137-1024x768.jpg\" data-src=\"https:\/\/premo-wroclaw.pl\/automotive\/wp-content\/uploads\/sites\/3\/2025\/04\/1000038137-1024x768.jpg\" data-caption=\"\"srcset=\"https:\/\/premo-wroclaw.pl\/automotive\/wp-content\/uploads\/sites\/3\/2025\/04\/1000038137-1024x768.jpg 1024w, https:\/\/premo-wroclaw.pl\/automotive\/wp-content\/uploads\/sites\/3\/2025\/04\/1000038137-300x225.jpg 300w, https:\/\/premo-wroclaw.pl\/automotive\/wp-content\/uploads\/sites\/3\/2025\/04\/1000038137-768x576.jpg 768w, https:\/\/premo-wroclaw.pl\/automotive\/wp-content\/uploads\/sites\/3\/2025\/04\/1000038137-1536x1152.jpg 1536w, https:\/\/premo-wroclaw.pl\/automotive\/wp-content\/uploads\/sites\/3\/2025\/04\/1000038137.jpg 2048w\" sizes=\"auto, (max-width: 1024px) 100vw, 1024px\"\" \/>\n\t\t<div class=\"figc no-description\">\n\t\t\t<div class=\"figc-inner\">\n\t\t\t\t\t\t\t\t\t\t\t\t\t\t\t<\/div>\n\t\t<\/div>\n\n\t<\/div>\n\n<\/div><div class=\"modula-item effect-pufrobo\" >\n\t<div class=\"modula-item-overlay\"><\/div>\n\n\t<div class=\"modula-item-content\">\n\n\t\t\t\t\n\t\t\t\t\t<a data-image-id=\"314\" href=\"https:\/\/premo-wroclaw.pl\/automotive\/wp-content\/uploads\/sites\/3\/2025\/04\/1000038136.jpg\" rel=\"jtg-285\" data-caption=\"\" class=\"tile-inner modula-item-link\"><\/a>\n\t\t\n\t\t<img loading=\"lazy\" decoding=\"async\" class=\"pic\"  data-valign=\"middle\" data-halign=\"center\" alt=\"\" data-full=\"https:\/\/premo-wroclaw.pl\/automotive\/wp-content\/uploads\/sites\/3\/2025\/04\/1000038136.jpg\" title=\"1000038136\" width=\"1024\" height=\"768\" src=\"https:\/\/premo-wroclaw.pl\/automotive\/wp-content\/uploads\/sites\/3\/2025\/04\/1000038136-1024x768.jpg\" data-src=\"https:\/\/premo-wroclaw.pl\/automotive\/wp-content\/uploads\/sites\/3\/2025\/04\/1000038136-1024x768.jpg\" data-caption=\"\"srcset=\"https:\/\/premo-wroclaw.pl\/automotive\/wp-content\/uploads\/sites\/3\/2025\/04\/1000038136-1024x768.jpg 1024w, https:\/\/premo-wroclaw.pl\/automotive\/wp-content\/uploads\/sites\/3\/2025\/04\/1000038136-300x225.jpg 300w, https:\/\/premo-wroclaw.pl\/automotive\/wp-content\/uploads\/sites\/3\/2025\/04\/1000038136-768x576.jpg 768w, https:\/\/premo-wroclaw.pl\/automotive\/wp-content\/uploads\/sites\/3\/2025\/04\/1000038136-1536x1152.jpg 1536w, https:\/\/premo-wroclaw.pl\/automotive\/wp-content\/uploads\/sites\/3\/2025\/04\/1000038136.jpg 2048w\" sizes=\"auto, (max-width: 1024px) 100vw, 1024px\"\" \/>\n\t\t<div class=\"figc no-description\">\n\t\t\t<div class=\"figc-inner\">\n\t\t\t\t\t\t\t\t\t\t\t\t\t\t\t<\/div>\n\t\t<\/div>\n\n\t<\/div>\n\n<\/div><div class=\"modula-item effect-pufrobo\" >\n\t<div class=\"modula-item-overlay\"><\/div>\n\n\t<div class=\"modula-item-content\">\n\n\t\t\t\t\n\t\t\t\t\t<a data-image-id=\"288\" href=\"https:\/\/premo-wroclaw.pl\/automotive\/wp-content\/uploads\/sites\/3\/2025\/04\/20241218_071054-scaled.jpg\" rel=\"jtg-285\" data-caption=\"\" class=\"tile-inner modula-item-link\"><\/a>\n\t\t\n\t\t<img loading=\"lazy\" decoding=\"async\" class=\"pic\"  data-valign=\"middle\" data-halign=\"center\" alt=\"\" data-full=\"https:\/\/premo-wroclaw.pl\/automotive\/wp-content\/uploads\/sites\/3\/2025\/04\/20241218_071054.jpg\" title=\"20241218_071054\" width=\"472\" height=\"1024\" src=\"https:\/\/premo-wroclaw.pl\/automotive\/wp-content\/uploads\/sites\/3\/2025\/04\/20241218_071054-472x1024.jpg\" data-src=\"https:\/\/premo-wroclaw.pl\/automotive\/wp-content\/uploads\/sites\/3\/2025\/04\/20241218_071054-472x1024.jpg\" data-caption=\"\"srcset=\"https:\/\/premo-wroclaw.pl\/automotive\/wp-content\/uploads\/sites\/3\/2025\/04\/20241218_071054-scaled-472x1024.jpg 472w, https:\/\/premo-wroclaw.pl\/automotive\/wp-content\/uploads\/sites\/3\/2025\/04\/20241218_071054-138x300.jpg 138w, https:\/\/premo-wroclaw.pl\/automotive\/wp-content\/uploads\/sites\/3\/2025\/04\/20241218_071054-768x1666.jpg 768w, https:\/\/premo-wroclaw.pl\/automotive\/wp-content\/uploads\/sites\/3\/2025\/04\/20241218_071054-708x1536.jpg 708w, https:\/\/premo-wroclaw.pl\/automotive\/wp-content\/uploads\/sites\/3\/2025\/04\/20241218_071054-944x2048.jpg 944w, https:\/\/premo-wroclaw.pl\/automotive\/wp-content\/uploads\/sites\/3\/2025\/04\/20241218_071054-scaled.jpg 1180w\" sizes=\"auto, (max-width: 472px) 100vw, 472px\"\" \/>\n\t\t<div class=\"figc no-description\">\n\t\t\t<div class=\"figc-inner\">\n\t\t\t\t\t\t\t\t\t\t\t\t\t\t\t<\/div>\n\t\t<\/div>\n\n\t<\/div>\n\n<\/div><div class=\"modula-item effect-pufrobo\" >\n\t<div class=\"modula-item-overlay\"><\/div>\n\n\t<div class=\"modula-item-content\">\n\n\t\t\t\t\n\t\t\t\t\t<a data-image-id=\"289\" href=\"https:\/\/premo-wroclaw.pl\/automotive\/wp-content\/uploads\/sites\/3\/2025\/04\/20241218_071124-scaled.jpg\" rel=\"jtg-285\" data-caption=\"\" class=\"tile-inner modula-item-link\"><\/a>\n\t\t\n\t\t<img loading=\"lazy\" decoding=\"async\" class=\"pic\"  data-valign=\"middle\" data-halign=\"center\" alt=\"\" data-full=\"https:\/\/premo-wroclaw.pl\/automotive\/wp-content\/uploads\/sites\/3\/2025\/04\/20241218_071124.jpg\" title=\"20241218_071124\" width=\"472\" height=\"1024\" src=\"https:\/\/premo-wroclaw.pl\/automotive\/wp-content\/uploads\/sites\/3\/2025\/04\/20241218_071124-472x1024.jpg\" data-src=\"https:\/\/premo-wroclaw.pl\/automotive\/wp-content\/uploads\/sites\/3\/2025\/04\/20241218_071124-472x1024.jpg\" data-caption=\"\"srcset=\"https:\/\/premo-wroclaw.pl\/automotive\/wp-content\/uploads\/sites\/3\/2025\/04\/20241218_071124-scaled-472x1024.jpg 472w, https:\/\/premo-wroclaw.pl\/automotive\/wp-content\/uploads\/sites\/3\/2025\/04\/20241218_071124-138x300.jpg 138w, https:\/\/premo-wroclaw.pl\/automotive\/wp-content\/uploads\/sites\/3\/2025\/04\/20241218_071124-768x1666.jpg 768w, https:\/\/premo-wroclaw.pl\/automotive\/wp-content\/uploads\/sites\/3\/2025\/04\/20241218_071124-708x1536.jpg 708w, https:\/\/premo-wroclaw.pl\/automotive\/wp-content\/uploads\/sites\/3\/2025\/04\/20241218_071124-944x2048.jpg 944w, https:\/\/premo-wroclaw.pl\/automotive\/wp-content\/uploads\/sites\/3\/2025\/04\/20241218_071124-scaled.jpg 1180w\" sizes=\"auto, (max-width: 472px) 100vw, 472px\"\" \/>\n\t\t<div class=\"figc no-description\">\n\t\t\t<div class=\"figc-inner\">\n\t\t\t\t\t\t\t\t\t\t\t\t\t\t\t<\/div>\n\t\t<\/div>\n\n\t<\/div>\n\n<\/div>\t\t\n\t<\/div>\n\n\t\n\t\n\t<script type=\"application\/ld+json\">\n\t{\n\t\t\"@context\": \"http:\/\/schema.org\",\n\t\t\"@type\"   : \"ImageGallery\",\n\t\t\"id\"      : \"https:\/\/premo-wroclaw.pl\/automotive\/wp-json\/wp\/v2\/pages\/204\",\n\t\t\"url\"     : \"https:\/\/premo-wroclaw.pl\/automotive\/wp-json\/wp\/v2\/pages\/204\"\n\t}\n\n    <\/script>\n\n\t\n<\/div>","protected":false},"excerpt":{"rendered":"<p>Flokowanie Premo Automotive Posiadamy Flokowanie wraz z urz\u0105dzaniem do Flokowania Firmy Maag Flock GmBH. Flokowanie to technika polegaj\u0105ca na nanoszeniu na powierzchni\u0119 kr\u00f3tkich w\u0142\u00f3kien tekstylnych (zwanych flokiem) przy u\u017cyciu kleju i cz\u0119sto pola elektrostatycznego. Proces ten pozwala na uzyskanie aksamitnej, mi\u0119kkiej w dotyku warstwy na r\u00f3\u017cnych materia\u0142ach, takich jak papier, plastik, drewno, metal czy tkaniny. [&hellip;]<\/p>\n","protected":false},"author":1,"featured_media":0,"parent":0,"menu_order":3,"comment_status":"closed","ping_status":"closed","template":"page-templates\/automotive.php","meta":{"footnotes":""},"class_list":["post-204","page","type-page","status-publish","hentry"],"_links":{"self":[{"href":"https:\/\/premo-wroclaw.pl\/automotive\/wp-json\/wp\/v2\/pages\/204","targetHints":{"allow":["GET"]}}],"collection":[{"href":"https:\/\/premo-wroclaw.pl\/automotive\/wp-json\/wp\/v2\/pages"}],"about":[{"href":"https:\/\/premo-wroclaw.pl\/automotive\/wp-json\/wp\/v2\/types\/page"}],"author":[{"embeddable":true,"href":"https:\/\/premo-wroclaw.pl\/automotive\/wp-json\/wp\/v2\/users\/1"}],"replies":[{"embeddable":true,"href":"https:\/\/premo-wroclaw.pl\/automotive\/wp-json\/wp\/v2\/comments?post=204"}],"version-history":[{"count":2,"href":"https:\/\/premo-wroclaw.pl\/automotive\/wp-json\/wp\/v2\/pages\/204\/revisions"}],"predecessor-version":[{"id":301,"href":"https:\/\/premo-wroclaw.pl\/automotive\/wp-json\/wp\/v2\/pages\/204\/revisions\/301"}],"wp:attachment":[{"href":"https:\/\/premo-wroclaw.pl\/automotive\/wp-json\/wp\/v2\/media?parent=204"}],"curies":[{"name":"wp","href":"https:\/\/api.w.org\/{rel}","templated":true}]}}