{"id":11,"date":"2024-06-11T19:56:51","date_gmt":"2024-06-11T17:56:51","guid":{"rendered":"https:\/\/premo-wroclaw.pl\/automotive\/?page_id=11"},"modified":"2025-04-07T21:18:06","modified_gmt":"2025-04-07T19:18:06","slug":"o-nas","status":"publish","type":"page","link":"https:\/\/premo-wroclaw.pl\/automotive\/","title":{"rendered":"O nas"},"content":{"rendered":"\n<div style=\"height:50px\" aria-hidden=\"true\" class=\"wp-block-spacer\"><\/div>\n\n\n\n<div class=\"wp-block-columns is-layout-flex wp-container-core-columns-is-layout-9d6595d7 wp-block-columns-is-layout-flex\">\n<div class=\"wp-block-column is-layout-flow wp-block-column-is-layout-flow\">\n<p class=\"has-medium-font-size\"><strong>Premo<\/strong> jako wiod\u0105cy producent w obszarze przemys\u0142u metalowego i precyzyjnego&nbsp; z wieloletni\u0105 histori\u0105, w roku 2019 wkracza\u0142o na rynek sektora Automotive b\u0119d\u0105c czo\u0142owym dostawc\u0105 us\u0142ug zwi\u0105zanych z powlekaniem element\u00f3w gumowych dla tej\u017ce bran\u017cy jak i r\u00f3wnie\u017c dostawc\u0105 maszyn i urz\u0105dze\u0144 do produkcji w tym obszarze. &nbsp;<\/p>\n\n\n\n<p class=\"has-medium-font-size\">Na kanwie swoich do\u015bwiadcze\u0144 jak i r\u00f3wnie\u017c w wyniku d\u0142ugoletniej wsp\u00f3\u0142pracy z tym \u017ce sektorem w miesi\u0105cu czerwcu roku 2024, zosta\u0142 uruchomiony zak\u0142ad produkcji i uszlachetniania element\u00f3w gumowych dla czo\u0142owych producent\u00f3w z sektora Samochodowego oraz AGD .&nbsp;<\/p>\n\n\n\n<p class=\"has-medium-font-size\">W powsta\u0142ym zak\u0142adzie rzeczone elementy s\u0105 poddawane obr\u00f3bce uszlachetniania, poprzez nak\u0142adanie na jej powierzchni\u0119 wysokiej klasy \u015brodk\u00f3w ochronnych oraz poddawanie element\u00f3w gumowych procesowi flokowania , czy talkowania w zale\u017cno\u015bci od potrzeb i specyfiki zam\u00f3wie\u0144 klienta ko\u0144cowego.<\/p>\n\n\n\n<p class=\"has-medium-font-size\">Jednym z element\u00f3w procesu jaki zosta\u0142 nam powierzony jest \u0142\u0105czenie element\u00f3w gumowych oraz tworzenie gotowych podzespo\u0142\u00f3w do drzwi, szyberdach\u00f3w jak i karoserii.<\/p>\n<\/div>\n<\/div>\n\n\n\n<p class=\"has-medium-font-size\"><\/p>\n\n\n\n<div style=\"height:50px\" aria-hidden=\"true\" class=\"wp-block-spacer\"><\/div>\n\n\n\n<hr class=\"wp-block-separator has-alpha-channel-opacity\" \/>\n\n\n\n<div style=\"height:50px\" aria-hidden=\"true\" class=\"wp-block-spacer\"><\/div>\n\n\n\n<div class=\"wp-block-columns is-layout-flex wp-container-core-columns-is-layout-9d6595d7 wp-block-columns-is-layout-flex\">\n<div class=\"wp-block-column is-layout-flow wp-block-column-is-layout-flow\">\n<h1 class=\"wp-block-heading\">Grzegorz Osi\u0144ski<\/h1>\n\n\n\n<div style=\"height:20px\" aria-hidden=\"true\" class=\"wp-block-spacer\"><\/div>\n\n\n\n<h3 class=\"wp-block-heading\"><strong>Zarz\u0105dca Sankcyjny, Prokurent<\/strong> , <strong>Premo &#8211;  Automotive \/ W\u0142a\u015bciciel<\/strong><\/h3>\n\n\n\n<div style=\"height:20px\" aria-hidden=\"true\" class=\"wp-block-spacer\"><\/div>\n\n\n\n<p class=\"has-medium-font-size\">Absolwent Politechniki Wroc\u0142awskiej wydzia\u0142 mechanik i budowa maszyn. Z racji swojego wykszta\u0142cenia jest tw\u00f3rc\u0105 wielu projekt\u00f3w technologicznych oraz rozwi\u0105za\u0144 optymalizuj\u0105cych proces produkcji w przemy\u015ble maszynowym.<\/p>\n\n\n\n<p class=\"has-medium-font-size\">Realizowane pod jego nadzorem projekty s\u0105 wykorzystywane przez czo\u0142owe koncernach z bran\u017cy automotive, maszynowej&nbsp; oraz innych, gdzie liczy si\u0119 kreatywno\u015b\u0107 jak i otwarto\u015b\u0107 umys\u0142u na nowe rozwi\u0105zania w obszarze automatyki i mechatroniki.&nbsp;<\/p>\n\n\n\n<p class=\"has-medium-font-size\">Zarz\u0105dca sankcyjny, Prokurent firmy Premo \u2013 Wroc\u0142aw zajmuj\u0105cej si\u0119 projektowaniem oraz produkcj\u0105 maszyn, urz\u0105dze\u0144 i konstrukcji dla przemys\u0142u metalowego.<\/p>\n\n\n\n<p class=\"has-medium-font-size\">Prezes Przedsi\u0119biorstwa Premo Sp. z o.o. Produkcja Handlu i Us\u0142ug \u2013 projektowanie oraz produkcja maszyn i urz\u0105dze\u0144.&nbsp;<\/p>\n\n\n\n<p class=\"has-medium-font-size\">Wsp\u00f3\u0142w\u0142a\u015bciciel firmy Zak\u0142ady Algo s.c. \u2013 produkcja podzespo\u0142\u00f3w stalowych dla bran\u017cy metalowej.<\/p>\n\n\n\n<p><\/p>\n\n\n\n<p class=\"has-medium-font-size\"><strong>Email: grzegorz.osinski@premo-wroclaw.p<\/strong>l<\/p>\n\n\n\n<p class=\"has-medium-font-size\"><strong>Mobile: +48 605 613 076<\/strong><\/p>\n<\/div>\n\n\n\n<div class=\"wp-block-column is-layout-flow wp-block-column-is-layout-flow\"><div class=\"wp-block-image\">\n<figure class=\"aligncenter size-full\"><img loading=\"lazy\" decoding=\"async\" width=\"350\" height=\"526\" src=\"https:\/\/premo-wroclaw.pl\/automotive\/wp-content\/uploads\/sites\/3\/2025\/04\/Grzegorz-Osinski.jpg\" alt=\"\" class=\"wp-image-334\" srcset=\"https:\/\/premo-wroclaw.pl\/automotive\/wp-content\/uploads\/sites\/3\/2025\/04\/Grzegorz-Osinski.jpg 350w, https:\/\/premo-wroclaw.pl\/automotive\/wp-content\/uploads\/sites\/3\/2025\/04\/Grzegorz-Osinski-200x300.jpg 200w\" sizes=\"auto, (max-width: 350px) 100vw, 350px\" \/><\/figure>\n<\/div><\/div>\n<\/div>\n\n\n\n<div style=\"height:15px\" aria-hidden=\"true\" class=\"wp-block-spacer\"><\/div>\n\n\n\n<hr class=\"wp-block-separator has-alpha-channel-opacity\" \/>\n\n\n\n<div style=\"height:50px\" aria-hidden=\"true\" class=\"wp-block-spacer\"><\/div>\n\n\n\n<div class=\"wp-block-columns is-layout-flex wp-container-core-columns-is-layout-9d6595d7 wp-block-columns-is-layout-flex\">\n<div class=\"wp-block-column is-layout-flow wp-block-column-is-layout-flow\"><div class=\"wp-block-image\">\n<figure class=\"aligncenter size-full\"><img loading=\"lazy\" decoding=\"async\" width=\"350\" height=\"526\" src=\"https:\/\/premo-wroclaw.pl\/automotive\/wp-content\/uploads\/sites\/3\/2025\/04\/Marek-Kobiec-1.jpg\" alt=\"\" class=\"wp-image-336\" srcset=\"https:\/\/premo-wroclaw.pl\/automotive\/wp-content\/uploads\/sites\/3\/2025\/04\/Marek-Kobiec-1.jpg 350w, https:\/\/premo-wroclaw.pl\/automotive\/wp-content\/uploads\/sites\/3\/2025\/04\/Marek-Kobiec-1-200x300.jpg 200w\" sizes=\"auto, (max-width: 350px) 100vw, 350px\" \/><\/figure>\n<\/div><\/div>\n\n\n\n<div class=\"wp-block-column is-layout-flow wp-block-column-is-layout-flow\">\n<h1 class=\"wp-block-heading\">Marek Kobiec<\/h1>\n\n\n\n<div style=\"height:20px\" aria-hidden=\"true\" class=\"wp-block-spacer\"><\/div>\n\n\n\n<h3 class=\"wp-block-heading\"><strong>Dyrektor ds. Rozwoju \/ Business Development Manager, Premo &#8211; Automotive \/ Partner&nbsp;<\/strong><\/h3>\n\n\n\n<div style=\"height:20px\" aria-hidden=\"true\" class=\"wp-block-spacer\"><\/div>\n\n\n\n<p class=\"has-medium-font-size\">Marek Kobiec z Premo \u2013 Wroc\u0142aw,<strong> <\/strong>jest zwi\u0105zany od pi\u0119ciu lat realizuj\u0105c wsp\u00f3lne projekty w obszarze wsp\u00f3\u0142pracy z przemys\u0142em Automotive. Jest r\u00f3wnie\u017c Prezesem zarz\u0105du firmy doradczej&nbsp; GlobalTechHub Sp. z o.o. , zajmuj\u0105cej si\u0119 tworzeniem nowatorskich rozwi\u0105za\u0144 w&nbsp;obszarze IT, medycyny oraz energii odnawialnej. Specjalizuje si\u0119 we wprowadzaniu podmiot\u00f3w na rynek Polski.&nbsp;<\/p>\n\n\n\n<p class=\"has-medium-font-size\">B\u0119d\u0105c Prezesem Zarz\u0105du Dolno\u015bl\u0105skiej Agencji Wsp\u00f3\u0142pracy Gospodarczej S.A. zajmowa\u0142 si\u0119 wytyczaniem strategii promocji i rozwoju Dolnego \u015al\u0105ska. Posiada kilkunastoletnie&nbsp; do\u015bwiadczenie we wsp\u00f3\u0142pracy z instytucjami publicznym na poziomie samorz\u0105dowy jak i rz\u0105dowym. Jako Prezes Dolno\u015bl\u0105skiej Agencji Wsp\u00f3\u0142pracy Gospodarczej S.A. by\u0142 laureatem wielu nagr\u00f3d przyznawanych przez instytucje gospodarcze.<\/p>\n\n\n\n<ul class=\"wp-block-list has-medium-font-size\">\n<li class=\"has-medium-font-size\">Prezes Zarz\u0105du Mi\u0119dzynarodowego Forum Promocji Nowych Technologii i Nauki do 2020.&nbsp;<\/li>\n\n\n\n<li class=\"has-medium-font-size\">Wiceprezes Zarz\u0105du Regionalnej Izby Gospodarczej w Katowicach pe\u0142nomocnik Prezesa do spraw relacji Polsko &#8211;&nbsp; Izraelskich na poziomie gospodarczym, kulturalnym oraz naukowym.&nbsp;<\/li>\n\n\n\n<li>Wsp\u00f3\u0142za\u0142o\u017cyciel Start-Up, Hyper LabSolution,<\/li>\n\n\n\n<li class=\"has-medium-font-size\">Partner merytoryczny Centre for Cybersecurity and Artificial Intelligence EDIH Cracow University of Technology, Cracow, Poland.<\/li>\n\n\n\n<li>Cz\u0142onek Rady Gospodarczej przy Rektorze Wyzszej Szko\u0142y Handlowej we Wroc\u0142awiu&nbsp;<\/li>\n\n\n\n<li>Za\u0142o\u017cyciel , Polsko &#8211; Izraelskiego Forum Technologii i Nauki (Polish &#8211; Israeli Technology and Science Forum)<\/li>\n\n\n\n<li class=\"has-medium-font-size\">Partner merytoryczny Federacji Izb Gospodarczych Izraela,<\/li>\n\n\n\n<li class=\"has-medium-font-size\">Doradca, technologiczny i merytoryczny w &#8222;Laboratorium Teledetekcji&#8221; Wydzia\u0142u Geodezji G\u00f3rniczej i In\u017cynierii \u015arodowiska AGH w Krakowie,<\/li>\n<\/ul>\n\n\n\n<p class=\"has-medium-font-size\">Jest aktywnym uczestnikiem, prelegentem na&nbsp; wielu konferencjiach, sympozjach i seminariach&nbsp; Podejmowa\u0142em r\u00f3wnie\u017c szereg dzia\u0142a\u0144 na rzecz propagowania rozwi\u0105za\u0144 w obszarze nowych technologii.<\/p>\n\n\n\n<p><\/p>\n\n\n\n<p class=\"has-medium-font-size\"><strong>Email: marek.kobiec@premo-wroclaw.pl<\/strong><\/p>\n\n\n\n<p class=\"has-medium-font-size\"><strong>Mobile: +48 531 260 600<\/strong>&nbsp;<\/p>\n<\/div>\n<\/div>\n\n\n\n<div style=\"height:15px\" aria-hidden=\"true\" class=\"wp-block-spacer\"><\/div>\n\n\n\n<hr class=\"wp-block-separator has-alpha-channel-opacity\" \/>\n\n\n\n<div class=\"wp-block-columns is-layout-flex wp-container-core-columns-is-layout-9d6595d7 wp-block-columns-is-layout-flex\">\n<div class=\"wp-block-column is-layout-flow wp-block-column-is-layout-flow\">\n<h1 class=\"wp-block-heading\">Aleksandra Staszak<\/h1>\n\n\n\n<div style=\"height:20px\" aria-hidden=\"true\" class=\"wp-block-spacer\"><\/div>\n\n\n\n<h3 class=\"wp-block-heading\"><strong>Dyrektor ds. Produkcji,&nbsp;Premo &#8211; Automotive<\/strong><\/h3>\n\n\n\n<div style=\"height:20px\" aria-hidden=\"true\" class=\"wp-block-spacer\"><\/div>\n\n\n\n<p class=\"has-medium-font-size\">Uko\u0144czy\u0142a studia na Politechnice Wroc\u0142awskiej na Wydziale Mechanicznym, kierunek Mechanika i Budowa Maszyn specjalizacja Procesy, Maszyny i Systemy Produkcyjne. Zyska\u0142a tam solidne podstawy in\u017cynieryjne, kt\u00f3re sta\u0142y si\u0119 fundamentem jej kariery.<br>Swoj\u0105 \u015bcie\u017ck\u0119 zawodow\u0105 rozpocz\u0119\u0142a jako technolog w bran\u017cy stolarki okiennej gdzie zdoby\u0142a do\u015bwiadczenie w produkcji i sprzeda\u017cy okien na rynku niemieckim. Nast\u0119pnie do\u0142\u0105czy\u0142a do zespo\u0142u 3M Wroc\u0142aw w dziale Automotive, gdzie zajmowa\u0142a si\u0119 projektowaniem oraz wprowadzaniem prototyp\u00f3w do produkcji seryjnej. Kolejnym krokiem w bran\u017cy Automotive by\u0142a praca w LG Energy Solution. Jako in\u017cynier procesu koncentrowa\u0142a si\u0119 na technologii produkcji baterii. Odpowiada\u0142a za optymalizacj\u0119 proces\u00f3w produkcyjnych, wdra\u017canie nowych technologii oraz zapewnienie wysokiej jako\u015bci produkt\u00f3w.<br>Od Pa\u017adziernika 2024 zwi\u0105zana z firm\u0105 Premo Automotive, d\u0105\u017cy do usprawnienia procesu prowadz\u0105c zesp\u00f3\u0142 do osi\u0105gni\u0119cia ambitnych cel\u00f3w. Jej podej\u015bcie do zarz\u0105dzania opiera si\u0119 na budowaniu silnych relacji w grupie, motywowaniu pracownik\u00f3w oraz tworzeniu \u015brodowiska sprzyjaj\u0105cego innowacjom i ci\u0105g\u0142emu doskonaleniu.<\/p>\n<\/div>\n\n\n\n<div class=\"wp-block-column is-layout-flow wp-block-column-is-layout-flow\"><div class=\"wp-block-image\">\n<figure class=\"aligncenter size-full\"><img loading=\"lazy\" decoding=\"async\" width=\"350\" height=\"571\" src=\"https:\/\/premo-wroclaw.pl\/automotive\/wp-content\/uploads\/sites\/3\/2025\/04\/Aleksandra-Staszak-1.jpg\" alt=\"\" class=\"wp-image-338\" srcset=\"https:\/\/premo-wroclaw.pl\/automotive\/wp-content\/uploads\/sites\/3\/2025\/04\/Aleksandra-Staszak-1.jpg 350w, https:\/\/premo-wroclaw.pl\/automotive\/wp-content\/uploads\/sites\/3\/2025\/04\/Aleksandra-Staszak-1-184x300.jpg 184w\" sizes=\"auto, (max-width: 350px) 100vw, 350px\" \/><\/figure>\n<\/div><\/div>\n<\/div>\n\n\n\n<hr class=\"wp-block-separator has-alpha-channel-opacity\" \/>\n\n\n\n<div style=\"height:50px\" aria-hidden=\"true\" class=\"wp-block-spacer\"><\/div>\n\n\n\n<div class=\"wp-block-columns is-layout-flex wp-container-core-columns-is-layout-9d6595d7 wp-block-columns-is-layout-flex\">\n<div class=\"wp-block-column is-layout-flow wp-block-column-is-layout-flow\"><div class=\"wp-block-image\">\n<figure class=\"aligncenter size-full\"><img loading=\"lazy\" decoding=\"async\" width=\"350\" height=\"526\" src=\"https:\/\/premo-wroclaw.pl\/automotive\/wp-content\/uploads\/sites\/3\/2025\/04\/Agnieszka-Osinska-1.jpg\" alt=\"\" class=\"wp-image-340\" srcset=\"https:\/\/premo-wroclaw.pl\/automotive\/wp-content\/uploads\/sites\/3\/2025\/04\/Agnieszka-Osinska-1.jpg 350w, https:\/\/premo-wroclaw.pl\/automotive\/wp-content\/uploads\/sites\/3\/2025\/04\/Agnieszka-Osinska-1-200x300.jpg 200w\" sizes=\"auto, (max-width: 350px) 100vw, 350px\" \/><\/figure>\n<\/div><\/div>\n\n\n\n<div class=\"wp-block-column is-layout-flow wp-block-column-is-layout-flow\">\n<h1 class=\"wp-block-heading\">Agnieszka Osi\u0144ska<\/h1>\n\n\n\n<div style=\"height:20px\" aria-hidden=\"true\" class=\"wp-block-spacer\"><\/div>\n\n\n\n<h3 class=\"wp-block-heading\"><strong>Starszy Specjalista ds. Administracyjnych, <\/strong><strong> Premo &#8211; Automotive\u00a0<\/strong><\/h3>\n\n\n\n<div style=\"height:20px\" aria-hidden=\"true\" class=\"wp-block-spacer\"><\/div>\n\n\n\n<p class=\"has-medium-font-size\">Od ponad 15 lat lat zwi\u0105zana z firm\u0105 Premo \u2013 Wroc\u0142aw. Odpowiada za w\u0142a\u015bciwe funkcjonowanie zaplecza administracyjnego firmy i biura (zarz\u0105dzanie, koordynowanie, prowadzenie terminarza, przygotowanie i obs\u0142ugiwanie narad, redagowanie pism, sprawozda\u0144 i uchwa\u0142). Prowadzi procesy zatrudnienia, zajmuje si\u0119 sprawami kadrowymi (prowadzenie dokumentacji, obs\u0142uga um\u00f3w). Jest odpowiedzialna za kontakt z klientami oraz kontrahentami (przygotowywanie pism, obs\u0142uga korespondencji e-mailowej, obs\u0142uga programu fakturowego).&nbsp;<\/p>\n<\/div>\n<\/div>\n\n\n\n<div style=\"height:15px\" aria-hidden=\"true\" class=\"wp-block-spacer\"><\/div>\n\n\n\n<hr class=\"wp-block-separator has-alpha-channel-opacity\" \/>\n\n\n\n<div style=\"height:50px\" aria-hidden=\"true\" class=\"wp-block-spacer\"><\/div>\n\n\n\n<div class=\"wp-block-columns is-layout-flex wp-container-core-columns-is-layout-9d6595d7 wp-block-columns-is-layout-flex\">\n<div class=\"wp-block-column is-layout-flow wp-block-column-is-layout-flow\">\n<h1 class=\"wp-block-heading\">Grzegorz Adamski<\/h1>\n\n\n\n<div style=\"height:20px\" aria-hidden=\"true\" class=\"wp-block-spacer\"><\/div>\n\n\n\n<h3 class=\"wp-block-heading\"><strong>Logistyka<\/strong>, <strong>Premo &#8211; Automotive<\/strong><\/h3>\n\n\n\n<div style=\"height:20px\" aria-hidden=\"true\" class=\"wp-block-spacer\"><\/div>\n\n\n\n<p class=\"has-medium-font-size\">Wykszta\u0142cenie \u015brednie, w obszarze logistyki pracuje od kilkunastu lat oraz jako specjalista ds. jako\u015bci. Z bran\u017c\u0105 Automatowe zwi\u0105zany jest od 8 lat, w Premo Automotive zajmuje si\u0119 :<\/p>\n\n\n\n<ul class=\"wp-block-list has-medium-font-size\">\n<li>Planowaniem i koordynacj\u0105 transportu oraz dostaw.<\/li>\n\n\n\n<li>Zarz\u0105dzaniem magazynem i kontrol\u0105 stan\u00f3w magazynowych<\/li>\n\n\n\n<li>Optymalizacj\u0105 koszt\u00f3w logistycznych<\/li>\n\n\n\n<li>Wsp\u00f3\u0142prac\u0105 z dostawcami, przewo\u017anikami i klientami<\/li>\n\n\n\n<li>Monitorowaniem i analiza proces\u00f3w logistycznych<\/li>\n\n\n\n<li>Prowadzeniem dokumentacji i raportowanie.<\/li>\n<\/ul>\n\n\n\n<p class=\"has-medium-font-size\"><\/p>\n<\/div>\n\n\n\n<div class=\"wp-block-column is-layout-flow wp-block-column-is-layout-flow\"><div class=\"wp-block-image\">\n<figure class=\"aligncenter size-full\"><img loading=\"lazy\" decoding=\"async\" width=\"350\" height=\"526\" src=\"https:\/\/premo-wroclaw.pl\/automotive\/wp-content\/uploads\/sites\/3\/2025\/04\/Grzegorz-Adamski.jpg\" alt=\"\" class=\"wp-image-342\" srcset=\"https:\/\/premo-wroclaw.pl\/automotive\/wp-content\/uploads\/sites\/3\/2025\/04\/Grzegorz-Adamski.jpg 350w, https:\/\/premo-wroclaw.pl\/automotive\/wp-content\/uploads\/sites\/3\/2025\/04\/Grzegorz-Adamski-200x300.jpg 200w\" sizes=\"auto, (max-width: 350px) 100vw, 350px\" \/><\/figure>\n<\/div><\/div>\n<\/div>\n\n\n\n<div style=\"height:15px\" aria-hidden=\"true\" class=\"wp-block-spacer\"><\/div>\n","protected":false},"excerpt":{"rendered":"<p>Premo jako wiod\u0105cy producent w obszarze przemys\u0142u metalowego i precyzyjnego&nbsp; z wieloletni\u0105 histori\u0105, w roku 2019 wkracza\u0142o na rynek sektora Automotive b\u0119d\u0105c czo\u0142owym dostawc\u0105 us\u0142ug zwi\u0105zanych z powlekaniem element\u00f3w gumowych dla tej\u017ce bran\u017cy jak i r\u00f3wnie\u017c dostawc\u0105 maszyn i urz\u0105dze\u0144 do produkcji w tym obszarze. &nbsp; Na kanwie swoich do\u015bwiadcze\u0144 jak i r\u00f3wnie\u017c w wyniku [&hellip;]<\/p>\n","protected":false},"author":1,"featured_media":324,"parent":0,"menu_order":0,"comment_status":"closed","ping_status":"closed","template":"page-templates\/home-automotive.php","meta":{"footnotes":""},"class_list":["post-11","page","type-page","status-publish","has-post-thumbnail","hentry"],"_links":{"self":[{"href":"https:\/\/premo-wroclaw.pl\/automotive\/wp-json\/wp\/v2\/pages\/11","targetHints":{"allow":["GET"]}}],"collection":[{"href":"https:\/\/premo-wroclaw.pl\/automotive\/wp-json\/wp\/v2\/pages"}],"about":[{"href":"https:\/\/premo-wroclaw.pl\/automotive\/wp-json\/wp\/v2\/types\/page"}],"author":[{"embeddable":true,"href":"https:\/\/premo-wroclaw.pl\/automotive\/wp-json\/wp\/v2\/users\/1"}],"replies":[{"embeddable":true,"href":"https:\/\/premo-wroclaw.pl\/automotive\/wp-json\/wp\/v2\/comments?post=11"}],"version-history":[{"count":89,"href":"https:\/\/premo-wroclaw.pl\/automotive\/wp-json\/wp\/v2\/pages\/11\/revisions"}],"predecessor-version":[{"id":366,"href":"https:\/\/premo-wroclaw.pl\/automotive\/wp-json\/wp\/v2\/pages\/11\/revisions\/366"}],"wp:featuredmedia":[{"embeddable":true,"href":"https:\/\/premo-wroclaw.pl\/automotive\/wp-json\/wp\/v2\/media\/324"}],"wp:attachment":[{"href":"https:\/\/premo-wroclaw.pl\/automotive\/wp-json\/wp\/v2\/media?parent=11"}],"curies":[{"name":"wp","href":"https:\/\/api.w.org\/{rel}","templated":true}]}}